{"id":12401,"date":"2025-08-04T07:21:40","date_gmt":"2025-08-04T07:21:40","guid":{"rendered":"https:\/\/avenyazilim.com\/alpino\/?page_id=12401"},"modified":"2025-10-23T10:20:30","modified_gmt":"2025-10-23T10:20:30","slug":"e-katalog","status":"publish","type":"page","link":"https:\/\/www.alpino.com.tr\/en\/e-katalog\/","title":{"rendered":"E-Catalog"},"content":{"rendered":"<div class=\"wpb-content-wrapper\"><section data-vc-full-width=\"true\" data-vc-full-width-init=\"false\" class=\"vc_section vc_custom_1754302190558 vc_section-has-fill wd-rs-689086ec92661\"><div class=\"vc_row wpb_row vc_row-fluid vc_row-o-content-middle vc_row-flex\"><div class=\"wpb_column vc_column_container vc_col-sm-6 wd-rs-611d2bde1c22f\"><div class=\"vc_column-inner vc_custom_1629301728335\"><div class=\"wpb_wrapper\">\t\t<div id=\"wd-68906484a27d1\" class=\"wd-image wd-wpb wd-rs-68906484a27d1 text-left vc_custom_1754293391134\">\n\t\t\t\n\t\t\t<img loading=\"lazy\" decoding=\"async\" width=\"580\" height=\"380\" src=\"https:\/\/www.alpino.com.tr\/wp-content\/uploads\/2025\/08\/Adsiz-tasarim-34.png\" class=\"attachment-full size-full\" alt=\"\" srcset=\"https:\/\/www.alpino.com.tr\/wp-content\/uploads\/2025\/08\/Adsiz-tasarim-34.png 580w, https:\/\/www.alpino.com.tr\/wp-content\/uploads\/2025\/08\/Adsiz-tasarim-34-430x282.png 430w, https:\/\/www.alpino.com.tr\/wp-content\/uploads\/2025\/08\/Adsiz-tasarim-34-450x295.png 450w, https:\/\/www.alpino.com.tr\/wp-content\/uploads\/2025\/08\/Adsiz-tasarim-34-400x262.png 400w\" sizes=\"auto, (max-width: 580px) 100vw, 580px\" \/>\n\t\t\t\t\t<\/div>\n\t\t<\/div><\/div><\/div><div class=\"wpb_column vc_column_container vc_col-sm-6 color-scheme-light wd-rs-611d2bd847715\"><div class=\"vc_column-inner vc_custom_1629301723148\"><div class=\"wpb_wrapper\">\n\t\t<div id=\"wd-68908776da264\" class=\"title-wrapper wd-wpb set-mb-s reset-last-child  wd-rs-68908776da264 wd-title-color-primary wd-title-style-underlined text-left  wd-underline-colored\">\n\t\t\t\t\t\t\t<div class=\"title-subtitle  subtitle-color-primary font-alt subtitle-style-default wd-font-weight-600 wd-fontsize-m\">2025<\/div>\n\t\t\t\n\t\t\t<div class=\"liner-continer\">\n\t\t\t\t<h4 class=\"woodmart-title-container title  wd-font-weight- wd-fontsize-xxxl\" >Alpino<br \/>\ne-catalog<\/h4>\n\t\t\t\t\t\t\t<\/div>\n\t\t\t\n\t\t\t\n\t\t\t\n\t\t<\/div>\n\t\t\n\t\t\t\t<div id=\"wd-6890872d18d4a\" class=\"wd-text-block wd-wpb reset-last-child wd-rs-6890872d18d4a text-left wd-width-enabled color-scheme-dark wd-fontsize-m vc_custom_1754302271668\" style=\"--wd-max-width: 80%;\">\n\t\t\t<p><span style=\"color: #000000;\">You can examine our 2025 product collection more closely and in detail. You can choose from our 3 online catalogs: Alpino Collection, Alpino Bed and Alpino Young Room, below.<\/span><\/p>\n\t\t<\/div>\n\t\t<\/div><\/div><\/div><\/div><div class=\"vc_row wpb_row vc_row-fluid vc_custom_1754302364693 wd-rs-68908792c1f39\"><div class=\"wpb_column vc_column_container vc_col-sm-4\"><div class=\"vc_column-inner\"><div class=\"wpb_wrapper\">\t\t\t<div class=\"info-box-wrapper\">\n\t\t\t\t<div id=\"wd-68fa0131ba617\" class=\"wd-rs-68fa0131ba617 wd-info-box wd-wpb text-center box-icon-align-top box-style-bg-hover color-scheme-dark wd-bg-none color-scheme-hover-light vc_custom_1761214807351\">\n\t\t\t\t\t\t\t\t\t\t\t<div class=\"box-icon-wrapper  box-with-icon box-icon-simple\">\n\t\t\t\t\t\t\t<div class=\"info-box-icon\">\n\n\t\t\t\t\t\t\t\n\t\t\t\t\t\t\t\t\t\t\t\t\t\t\t\t\t<img loading=\"lazy\" decoding=\"async\" width=\"306\" height=\"356\" src=\"https:\/\/www.alpino.com.tr\/wp-content\/uploads\/2025\/08\/ekran-resmi-2025-02-05-14-29-43.png\" class=\"attachment-800x600 size-800x600\" alt=\"\" srcset=\"https:\/\/www.alpino.com.tr\/wp-content\/uploads\/2025\/08\/ekran-resmi-2025-02-05-14-29-43.png 306w, https:\/\/www.alpino.com.tr\/wp-content\/uploads\/2025\/08\/ekran-resmi-2025-02-05-14-29-43-258x300.png 258w, https:\/\/www.alpino.com.tr\/wp-content\/uploads\/2025\/08\/ekran-resmi-2025-02-05-14-29-43-150x175.png 150w\" sizes=\"auto, (max-width: 306px) 100vw, 306px\" \/>\t\t\t\t\t\t\t\t\t\t\t\t\t\t\t\n\t\t\t\t\t\t\t<\/div>\n\t\t\t\t\t\t<\/div>\n\t\t\t\t\t\t\t\t\t\t<div class=\"info-box-content\">\n\t\t\t\t\t\t<h4 class=\"info-box-title title box-title-style-default wd-fontsize-xl\">Alpino Collection<\/h4>\t\t\t\t\t\t<div class=\"info-box-inner set-cont-mb-s reset-last-child\"><\/p>\n<h4>2025<\/h4>\n<p>\n<\/div>\n\n\t\t\t\t\t\t\t\t\t\t\t<\/div>\n\n\t\t\t\t\t\t\t\t\t\t\t<a class=\"wd-info-box-link wd-fill\" aria-label=\"Infobox link\" href=\"https:\/\/avenyazilim.com\/alpino\/wp-content\/uploads\/2025\/08\/alpino-collection-2025.pdf\" title=\"\" target=\"_blank\"><\/a>\n\t\t\t\t\t\n\t\t\t\t\t<style><\/style>\t\t\t\t<\/div>\n\t\t\t<\/div>\n\t\t<\/div><\/div><\/div><div class=\"wpb_column vc_column_container vc_col-sm-4\"><div class=\"vc_column-inner\"><div class=\"wpb_wrapper\">\t\t\t<div class=\"info-box-wrapper\">\n\t\t\t\t<div id=\"wd-68fa015a6d3c0\" class=\"wd-rs-68fa015a6d3c0 wd-info-box wd-wpb text-center box-icon-align-top box-style-bg-hover color-scheme-dark wd-bg-none color-scheme-hover-light vc_custom_1761214817438\">\n\t\t\t\t\t\t\t\t\t\t\t<div class=\"box-icon-wrapper  box-with-icon box-icon-simple\">\n\t\t\t\t\t\t\t<div class=\"info-box-icon\">\n\n\t\t\t\t\t\t\t\n\t\t\t\t\t\t\t\t\t\t\t\t\t\t\t\t\t<img loading=\"lazy\" decoding=\"async\" width=\"306\" height=\"368\" src=\"https:\/\/www.alpino.com.tr\/wp-content\/uploads\/2025\/08\/ekran-resmi-2025-02-05-14-13-11.png\" class=\"attachment-800x600 size-800x600\" alt=\"\" srcset=\"https:\/\/www.alpino.com.tr\/wp-content\/uploads\/2025\/08\/ekran-resmi-2025-02-05-14-13-11.png 306w, https:\/\/www.alpino.com.tr\/wp-content\/uploads\/2025\/08\/ekran-resmi-2025-02-05-14-13-11-249x300.png 249w, https:\/\/www.alpino.com.tr\/wp-content\/uploads\/2025\/08\/ekran-resmi-2025-02-05-14-13-11-150x180.png 150w\" sizes=\"auto, (max-width: 306px) 100vw, 306px\" \/>\t\t\t\t\t\t\t\t\t\t\t\t\t\t\t\n\t\t\t\t\t\t\t<\/div>\n\t\t\t\t\t\t<\/div>\n\t\t\t\t\t\t\t\t\t\t<div class=\"info-box-content\">\n\t\t\t\t\t\t<h4 class=\"info-box-title title box-title-style-default wd-fontsize-xl\">Alpino Young Room<\/h4>\t\t\t\t\t\t<div class=\"info-box-inner set-cont-mb-s reset-last-child\"><\/p>\n<h4>2025<\/h4>\n<p>\n<\/div>\n\n\t\t\t\t\t\t\t\t\t\t\t<\/div>\n\n\t\t\t\t\t\t\t\t\t\t\t<a class=\"wd-info-box-link wd-fill\" aria-label=\"Infobox link\" href=\"https:\/\/avenyazilim.com\/alpino\/wp-content\/uploads\/2025\/08\/alpino-youngroom-2025.pdf\" title=\"\" target=\"_blank\"><\/a>\n\t\t\t\t\t\n\t\t\t\t\t<style><\/style>\t\t\t\t<\/div>\n\t\t\t<\/div>\n\t\t<\/div><\/div><\/div><div class=\"wpb_column vc_column_container vc_col-sm-4\"><div class=\"vc_column-inner\"><div class=\"wpb_wrapper\">\t\t\t<div class=\"info-box-wrapper\">\n\t\t\t\t<div id=\"wd-68fa0164e720f\" class=\"wd-rs-68fa0164e720f wd-info-box wd-wpb text-center box-icon-align-top box-style-bg-hover color-scheme-dark wd-bg-none color-scheme-hover-light vc_custom_1761214827457\">\n\t\t\t\t\t\t\t\t\t\t\t<div class=\"box-icon-wrapper  box-with-icon box-icon-simple\">\n\t\t\t\t\t\t\t<div class=\"info-box-icon\">\n\n\t\t\t\t\t\t\t\n\t\t\t\t\t\t\t\t\t\t\t\t\t\t\t\t\t<img loading=\"lazy\" decoding=\"async\" width=\"306\" height=\"374\" src=\"https:\/\/www.alpino.com.tr\/wp-content\/uploads\/2025\/08\/ekran-resmi-2025-02-05-14-34-02.png\" class=\"attachment-800x600 size-800x600\" alt=\"\" srcset=\"https:\/\/www.alpino.com.tr\/wp-content\/uploads\/2025\/08\/ekran-resmi-2025-02-05-14-34-02.png 306w, https:\/\/www.alpino.com.tr\/wp-content\/uploads\/2025\/08\/ekran-resmi-2025-02-05-14-34-02-245x300.png 245w, https:\/\/www.alpino.com.tr\/wp-content\/uploads\/2025\/08\/ekran-resmi-2025-02-05-14-34-02-150x183.png 150w\" sizes=\"auto, (max-width: 306px) 100vw, 306px\" \/>\t\t\t\t\t\t\t\t\t\t\t\t\t\t\t\n\t\t\t\t\t\t\t<\/div>\n\t\t\t\t\t\t<\/div>\n\t\t\t\t\t\t\t\t\t\t<div class=\"info-box-content\">\n\t\t\t\t\t\t<h4 class=\"info-box-title title box-title-style-default wd-fontsize-xl\">Alpino Bedding<\/h4>\t\t\t\t\t\t<div class=\"info-box-inner set-cont-mb-s reset-last-child\"><\/p>\n<h4>2025<\/h4>\n<p>\n<\/div>\n\n\t\t\t\t\t\t\t\t\t\t\t<\/div>\n\n\t\t\t\t\t\t\t\t\t\t\t<a class=\"wd-info-box-link wd-fill\" aria-label=\"Infobox link\" href=\"https:\/\/avenyazilim.com\/alpino\/wp-content\/uploads\/2025\/08\/alpino-matress-2025.pdf\" title=\"\" target=\"_blank\"><\/a>\n\t\t\t\t\t\n\t\t\t\t\t<style><\/style>\t\t\t\t<\/div>\n\t\t\t<\/div>\n\t\t<\/div><\/div><\/div><\/div><\/section><div class=\"vc_row-full-width vc_clearfix\"><\/div>\n<\/div>","protected":false},"excerpt":{"rendered":"2025 Alpino e-katalog 2025 \u00fcr\u00fcn koleksiyonumuzu daha yak\u0131ndan ve detayl\u0131 inceleyebilirsiniz, Alpino Collection, Alpino Bed ve Alpino Young Room olarak","protected":false},"author":1,"featured_media":0,"parent":0,"menu_order":0,"comment_status":"closed","ping_status":"closed","template":"","meta":{"footnotes":""},"class_list":["post-12401","page","type-page","status-publish","hentry"],"_links":{"self":[{"href":"https:\/\/www.alpino.com.tr\/en\/wp-json\/wp\/v2\/pages\/12401","targetHints":{"allow":["GET"]}}],"collection":[{"href":"https:\/\/www.alpino.com.tr\/en\/wp-json\/wp\/v2\/pages"}],"about":[{"href":"https:\/\/www.alpino.com.tr\/en\/wp-json\/wp\/v2\/types\/page"}],"author":[{"embeddable":true,"href":"https:\/\/www.alpino.com.tr\/en\/wp-json\/wp\/v2\/users\/1"}],"replies":[{"embeddable":true,"href":"https:\/\/www.alpino.com.tr\/en\/wp-json\/wp\/v2\/comments?post=12401"}],"version-history":[{"count":30,"href":"https:\/\/www.alpino.com.tr\/en\/wp-json\/wp\/v2\/pages\/12401\/revisions"}],"predecessor-version":[{"id":12672,"href":"https:\/\/www.alpino.com.tr\/en\/wp-json\/wp\/v2\/pages\/12401\/revisions\/12672"}],"wp:attachment":[{"href":"https:\/\/www.alpino.com.tr\/en\/wp-json\/wp\/v2\/media?parent=12401"}],"curies":[{"name":"wp","href":"https:\/\/api.w.org\/{rel}","templated":true}]}}