{"id":12476,"date":"2025-08-04T09:14:15","date_gmt":"2025-08-04T09:14:15","guid":{"rendered":"https:\/\/avenyazilim.com\/alpino\/?page_id=12476"},"modified":"2025-11-25T08:10:07","modified_gmt":"2025-11-25T08:10:07","slug":"bayilik-basvurusu","status":"publish","type":"page","link":"https:\/\/www.alpino.com.tr\/en\/bayilik-basvurusu\/","title":{"rendered":"Dealership Application"},"content":{"rendered":"<div class=\"wpb-content-wrapper\"><section data-vc-full-width=\"true\" data-vc-full-width-init=\"false\" class=\"vc_section vc_custom_1764058202453 vc_section-has-fill wd-rs-692564542b0dc\"><div class=\"vc_row wpb_row vc_row-fluid vc_custom_1754299218172 vc_row-o-content-middle vc_row-flex wd-rs-68907b4d60cc8\"><div class=\"wpb_column vc_column_container vc_col-sm-6 vc_col-lg-offset-3 vc_col-lg-6 vc_col-md-offset-3 vc_col-md-6 vc_col-sm-offset-3 vc_col-has-fill wd-rs-692563ea2b390\"><div class=\"vc_column-inner vc_custom_1764058104477\"><div class=\"wpb_wrapper\">\n\t\t<div id=\"wd-689082e6868e4\" class=\"title-wrapper wd-wpb set-mb-s reset-last-child  wd-rs-689082e6868e4 wd-title-color-primary wd-title-style-underlined text-center vc_custom_1754301163385 wd-width-custom wd-underline-colored\">\n\t\t\t\t\t\t\t<div class=\"title-subtitle  subtitle-color-primary font-default subtitle-style-default wd-font-weight- wd-fontsize-xs\">SEND YOUR INFORMATION<\/div>\n\t\t\t\n\t\t\t<div class=\"liner-continer\">\n\t\t\t\t<h4 class=\"woodmart-title-container title  wd-font-weight- wd-fontsize-l\" >Become Our Dealer<\/h4>\n\t\t\t\t\t\t\t<\/div>\n\t\t\t\n\t\t\t\n\t\t\t\n\t\t<\/div>\n\t\t\n\t\t\n\t<div class=\"wpb_raw_code wpb_raw_html wpb_content_element\" >\n\t\t<div class=\"wpb_wrapper\">\n\t\t\t<div class=\"forminator-ui forminator-custom-form forminator-custom-form-12695 forminator-design--default  forminator_ajax\" data-forminator-render=\"0\" data-form=\"forminator-module-12695\" data-uid=\"69e50831ee8cd\"><br\/><\/div><form\n\t\t\t\tid=\"forminator-module-12695\"\n\t\t\t\tclass=\"forminator-ui forminator-custom-form forminator-custom-form-12695 forminator-design--default  forminator_ajax\"\n\t\t\t\tmethod=\"post\"\n\t\t\t\tdata-forminator-render=\"0\"\n\t\t\t\tdata-form-id=\"12695\"\n\t\t\t\t data-color-option=\"theme\" data-design=\"default\" data-grid=\"open\" style=\"display: none;\"\n\t\t\t\tdata-uid=\"69e50831ee8cd\" action=\"\"\n\t\t\t><div role=\"alert\" aria-live=\"polite\" class=\"forminator-response-message forminator-error\" aria-hidden=\"true\"><\/div><div class=\"forminator-row\"><div id=\"name-2\" class=\"forminator-field-name forminator-col forminator-col-6\"><div class=\"forminator-field\"><label for=\"forminator-field-name-2_69e50831ee8cd\" id=\"forminator-field-name-2_69e50831ee8cd-label\" class=\"forminator-label\">Ad Soyad <span class=\"forminator-required\">*<\/span><\/label><input type=\"text\" name=\"name-2\" value=\"\" placeholder=\"Name, Surname\" id=\"forminator-field-name-2_69e50831ee8cd\" class=\"forminator-input forminator-name--field\" aria-required=\"true\" autocomplete=\"name\" \/><\/div><\/div><div id=\"text-1\" class=\"forminator-field-text forminator-col forminator-col-6\"><div class=\"forminator-field\"><label for=\"forminator-field-text-1_69e50831ee8cd\" id=\"forminator-field-text-1_69e50831ee8cd-label\" class=\"forminator-label\">Store or Institution Name <span class=\"forminator-required\">*<\/span><\/label><input type=\"text\" name=\"text-1\" value=\"\" placeholder=\"Store or Institution Name\" id=\"forminator-field-text-1_69e50831ee8cd\" class=\"forminator-input forminator-name--field\" data-required=\"1\" \/><\/div><\/div><\/div><div class=\"forminator-row\"><div id=\"email-1\" class=\"forminator-field-email forminator-col forminator-col-6\"><div class=\"forminator-field\"><label for=\"forminator-field-email-1_69e50831ee8cd\" id=\"forminator-field-email-1_69e50831ee8cd-label\" class=\"forminator-label\">E-Mail <span class=\"forminator-required\">*<\/span><\/label><input type=\"email\" name=\"email-1\" value=\"\" placeholder=\"E-posta Adresiniz\" id=\"forminator-field-email-1_69e50831ee8cd\" class=\"forminator-input forminator-email--field\" data-required=\"true\" aria-required=\"true\" autocomplete=\"email\" \/><\/div><\/div><div id=\"phone-1\" class=\"forminator-field-phone forminator-col forminator-col-6\"><div class=\"forminator-field\"><label for=\"forminator-field-phone-1_69e50831ee8cd\" id=\"forminator-field-phone-1_69e50831ee8cd-label\" class=\"forminator-label\">Phone <span class=\"forminator-required\">*<\/span><\/label><input type=\"text\" name=\"phone-1\" value=\"\" placeholder=\"Telefon Numaran\u0131z\" id=\"forminator-field-phone-1_69e50831ee8cd\" class=\"forminator-input forminator-field--phone\" data-required=\"1\" aria-required=\"true\" autocomplete=\"off\" \/><\/div><\/div><\/div><div class=\"forminator-row\"><div id=\"select-1\" class=\"forminator-field-select forminator-col forminator-col-6\"><div class=\"forminator-field\"><label for=\"forminator-form-12695__field--select-1_69e50831ee8cd\" id=\"forminator-form-12695__field--select-1_69e50831ee8cd-label\" class=\"forminator-label\">City <span class=\"forminator-required\">*<\/span><\/label><select  id=\"forminator-form-12695__field--select-1_69e50831ee8cd\" class=\"forminator-select--field forminator-select2 forminator-select2-multiple\" data-required=\"1\" name=\"select-1\" data-default-value=\"\" data-hidden-behavior=\"zero\" data-placeholder=\"\u015eehir\" data-search=\"true\" data-search-placeholder=\"\u015eehir\" data-checkbox=\"false\" data-allow-clear=\"false\" aria-labelledby=\"forminator-form-12695__field--select-1_69e50831ee8cd-label\"><option value=\"\"  >City<\/option><option value=\"Adana\"  data-calculation=\"0\">Adana<\/option><option value=\"Ad\u0131yaman\"  data-calculation=\"0\">Ad\u0131yaman<\/option><option value=\"Afyon\"  data-calculation=\"0\">Afyon<\/option><option value=\"A\u011fr\u0131\"  data-calculation=\"0\">A\u011fr\u0131<\/option><option value=\"Aksaray\"  data-calculation=\"0\">Aksaray<\/option><option value=\"Amasya\"  data-calculation=\"0\">Amasya<\/option><option value=\"Ankara\"  data-calculation=\"0\">Ankara<\/option><option value=\"Antalya\"  data-calculation=\"0\">Antalya<\/option><option value=\"Ardahan\"  data-calculation=\"0\">Ardahan<\/option><option value=\"Artvin\"  data-calculation=\"0\">Artvin<\/option><option value=\"Ayd\u0131n\"  data-calculation=\"0\">Ayd\u0131n<\/option><option value=\"Bal\u0131kesir\"  data-calculation=\"0\">Bal\u0131kesir<\/option><option value=\"Bart\u0131n\"  data-calculation=\"0\">Bart\u0131n<\/option><option value=\"Batman\"  data-calculation=\"0\">Batman<\/option><option value=\"Bayburt\"  data-calculation=\"0\">Bayburt<\/option><option value=\"Bilecik\"  data-calculation=\"0\">Bilecik<\/option><option value=\"Bing\u00f6l\"  data-calculation=\"0\">Bing\u00f6l<\/option><option value=\"Bitlis\"  data-calculation=\"0\">Bitlis<\/option><option value=\"Bolu\"  data-calculation=\"0\">Bolu<\/option><option value=\"Burdur\"  data-calculation=\"0\">Burdur<\/option><option value=\"Bursa\"  data-calculation=\"0\">Bursa<\/option><option value=\"\u00c7anakkale\"  data-calculation=\"0\">\u00c7anakkale<\/option><option value=\"\u00c7ank\u0131r\u0131\"  data-calculation=\"0\">\u00c7ank\u0131r\u0131<\/option><option value=\"\u00c7orum\"  data-calculation=\"0\">\u00c7orum<\/option><option value=\"Denizli\"  data-calculation=\"0\">Denizli<\/option><option value=\"Diyarbak\u0131r\"  data-calculation=\"0\">Diyarbak\u0131r<\/option><option value=\"D\u00fczce\"  data-calculation=\"0\">D\u00fczce<\/option><option value=\"Edirne\"  data-calculation=\"0\">Edirne<\/option><option value=\"Elaz\u0131\u011f\"  data-calculation=\"0\">Elaz\u0131\u011f<\/option><option value=\"Erzincan\"  data-calculation=\"0\">Erzincan<\/option><option value=\"Erzurum\"  data-calculation=\"0\">Erzurum<\/option><option value=\"Eski\u015fehir\"  data-calculation=\"0\">Eski\u015fehir<\/option><option value=\"Gaziantep\"  data-calculation=\"0\">Gaziantep<\/option><option value=\"Giresun\"  data-calculation=\"0\">Giresun<\/option><option value=\"G\u00fcm\u00fc\u015fhane\"  data-calculation=\"0\">G\u00fcm\u00fc\u015fhane<\/option><option value=\"Hakkari\"  data-calculation=\"0\">Hakkari<\/option><option value=\"Hatay\"  data-calculation=\"0\">Hatay<\/option><option value=\"I\u011fd\u0131r\"  data-calculation=\"0\">I\u011fd\u0131r<\/option><option value=\"Isparta\"  data-calculation=\"0\">Isparta<\/option><option value=\"\u0130stanbul\"  data-calculation=\"0\">\u0130stanbul<\/option><option value=\"\u0130zmir\"  data-calculation=\"0\">\u0130zmir<\/option><option value=\"Kahramanmara\u015f\"  data-calculation=\"0\">Kahramanmara\u015f<\/option><option value=\"Karab\u00fck\"  data-calculation=\"0\">Karab\u00fck<\/option><option value=\"Karaman\"  data-calculation=\"0\">Karaman<\/option><option value=\"Kars\"  data-calculation=\"0\">Kars<\/option><option value=\"Kastamonu\"  data-calculation=\"0\">Kastamonu<\/option><option value=\"Kayseri\"  data-calculation=\"0\">Kayseri<\/option><option value=\"K\u0131r\u0131kkale\"  data-calculation=\"0\">K\u0131r\u0131kkale<\/option><option value=\"K\u0131rklareli\"  data-calculation=\"0\">K\u0131rklareli<\/option><option value=\"K\u0131r\u015fehir\"  data-calculation=\"0\">K\u0131r\u015fehir<\/option><option value=\"Kilis\"  data-calculation=\"0\">Kilis<\/option><option value=\"Kocaeli\"  data-calculation=\"0\">Kocaeli<\/option><option value=\"Konya\"  data-calculation=\"0\">Konya<\/option><option value=\"K\u00fctahya\"  data-calculation=\"0\">K\u00fctahya<\/option><option value=\"Malatya\"  data-calculation=\"0\">Malatya<\/option><option value=\"Manisa\"  data-calculation=\"0\">Manisa<\/option><option value=\"Mardin\"  data-calculation=\"0\">Mardin<\/option><option value=\"Mersin\"  data-calculation=\"0\">Mersin<\/option><option value=\"Mu\u011fla\"  data-calculation=\"0\">Mu\u011fla<\/option><option value=\"Mu\u015f\"  data-calculation=\"0\">Mu\u015f<\/option><option value=\"Nev\u015fehir\"  data-calculation=\"0\">Nev\u015fehir<\/option><option value=\"Ni\u011fde\"  data-calculation=\"0\">Ni\u011fde<\/option><option value=\"Ordu\"  data-calculation=\"0\">Ordu<\/option><option value=\"Osmaniye\"  data-calculation=\"0\">Osmaniye<\/option><option value=\"Rize\"  data-calculation=\"0\">Rize<\/option><option value=\"Sakarya\"  data-calculation=\"0\">Sakarya<\/option><option value=\"Samsun\"  data-calculation=\"0\">Samsun<\/option><option value=\"Siirt\"  data-calculation=\"0\">Siirt<\/option><option value=\"Sinop\"  data-calculation=\"0\">Sinop<\/option><option value=\"Sivas\"  data-calculation=\"0\">Sivas<\/option><option value=\"\u015eanl\u0131urfa\"  data-calculation=\"0\">\u015eanl\u0131urfa<\/option><option value=\"\u015e\u0131rnak\"  data-calculation=\"0\">\u015e\u0131rnak<\/option><option value=\"Tekirda\u011f\"  data-calculation=\"0\">Tekirda\u011f<\/option><option value=\"Tokat\"  data-calculation=\"0\">Tokat<\/option><option value=\"Trabzon\"  data-calculation=\"0\">Trabzon<\/option><option value=\"Tunceli\"  data-calculation=\"0\">Tunceli<\/option><option value=\"U\u015fak\"  data-calculation=\"0\">U\u015fak<\/option><option value=\"Van\"  data-calculation=\"0\">Van<\/option><option value=\"Yalova\"  data-calculation=\"0\">Yalova<\/option><option value=\"Yozgat\"  data-calculation=\"0\">Yozgat<\/option><option value=\"Zonguldak\"  data-calculation=\"0\">Zonguldak<\/option><\/select><\/div><\/div><div id=\"text-2\" class=\"forminator-field-text forminator-col forminator-col-6\"><div class=\"forminator-field\"><label for=\"forminator-field-text-2_69e50831ee8cd\" id=\"forminator-field-text-2_69e50831ee8cd-label\" class=\"forminator-label\">\u0130l\u00e7e <span class=\"forminator-required\">*<\/span><\/label><input type=\"text\" name=\"text-2\" value=\"\" placeholder=\"\u0130l\u00e7e\" id=\"forminator-field-text-2_69e50831ee8cd\" class=\"forminator-input forminator-name--field\" data-required=\"1\" \/><\/div><\/div><\/div><div class=\"forminator-row\"><div id=\"textarea-1\" class=\"forminator-field-textarea forminator-col forminator-col-12\"><div class=\"forminator-field\"><label for=\"forminator-field-textarea-1_69e50831ee8cd\" id=\"forminator-field-textarea-1_69e50831ee8cd-label\" class=\"forminator-label\">Mesaj <span class=\"forminator-required\">*<\/span><\/label><textarea name=\"textarea-1\" placeholder=\"Your Message\" id=\"forminator-field-textarea-1_69e50831ee8cd\" class=\"forminator-textarea\" rows=\"6\" style=\"min-height:110px;\" ><\/textarea><\/div><\/div><\/div><div class=\"forminator-row\"><div id=\"captcha-1\" class=\"forminator-field-captcha forminator-col forminator-col-12\"><div class=\"forminator-captcha-left forminator-g-recaptcha\" data-theme=\"light\"  data-sitekey=\"6Ld6vhcsAAAAAAbb10rTOzAKp5vRzFrmuOSsfIrT\" data-size=\"normal\"><\/div> <\/div><\/div><input type=\"hidden\" name=\"referer_url\" value=\"\" \/><div class=\"forminator-row forminator-row-last\"><div class=\"forminator-col\"><div class=\"forminator-field\"><button class=\"forminator-button forminator-button-submit\">G&ouml;nder<\/button><\/div><\/div><\/div><input type=\"hidden\" id=\"forminator_nonce\" name=\"forminator_nonce\" value=\"997bcc5442\" \/><input type=\"hidden\" name=\"_wp_http_referer\" value=\"\/en\/wp-json\/wp\/v2\/pages\/12476\" \/><input type=\"hidden\" name=\"form_id\" value=\"12695\"><input type=\"hidden\" name=\"page_id\" value=\"12476\"><input type=\"hidden\" name=\"form_type\" value=\"default\"><input type=\"hidden\" name=\"current_url\" value=\"https:\/\/www.alpino.com.tr\/en\/bayilik-basvurusu\/\"><input type=\"hidden\" name=\"render_id\" value=\"0\"><input type=\"hidden\" name=\"action\" value=\"forminator_submit_form_custom-forms\"><label for=\"input_8\" class=\"forminator-hidden\" aria-hidden=\"true\">Please do not fill in this field. <input id=\"input_8\" type=\"text\" name=\"input_8\" value=\"\" autocomplete=\"off\"><\/label><input type=\"hidden\" name=\"trp-form-language\" value=\"en\"\/><\/form>\n\t\t<\/div>\n\t<\/div>\n<\/div><\/div><\/div><\/div><\/section><div class=\"vc_row-full-width vc_clearfix\"><\/div>\n<\/div>","protected":false},"excerpt":{"rendered":"B\u0130LG\u0130LER\u0130N\u0130Z\u0130 G\u00d6NDER\u0130N Bayimiz Olun Ad Soyad *Ma\u011faza veya Kurum Ad\u0131 *E-Mail *Telefon *\u015eehir *\u015eehirAdanaAd\u0131yamanAfyonA\u011fr\u0131AksarayAmasyaAnkaraAntalyaArdahanArtvinAyd\u0131nBal\u0131kesirBart\u0131nBatmanBayburtBilecikBing\u00f6lBitlisBoluBurdurBursa\u00c7anakkale\u00c7ank\u0131r\u0131\u00c7orumDenizliDiyarbak\u0131rD\u00fczceEdirneElaz\u0131\u011fErzincanErzurumEski\u015fehirGaziantepGiresunG\u00fcm\u00fc\u015fhaneHakkariHatayI\u011fd\u0131rIsparta\u0130stanbul\u0130zmirKahramanmara\u015fKarab\u00fckKaramanKarsKastamonuKayseriK\u0131r\u0131kkaleK\u0131rklareliK\u0131r\u015fehirKilisKocaeliKonyaK\u00fctahyaMalatyaManisaMardinMersinMu\u011flaMu\u015fNev\u015fehirNi\u011fdeOrduOsmaniyeRizeSakaryaSamsunSiirtSinopSivas\u015eanl\u0131urfa\u015e\u0131rnakTekirda\u011fTokatTrabzonTunceliU\u015fakVanYalovaYozgatZonguldak\u0130l\u00e7e *Mesaj * G&ouml;nderPlease do not fill","protected":false},"author":1,"featured_media":0,"parent":0,"menu_order":0,"comment_status":"closed","ping_status":"closed","template":"","meta":{"footnotes":""},"class_list":["post-12476","page","type-page","status-publish","hentry"],"_links":{"self":[{"href":"https:\/\/www.alpino.com.tr\/en\/wp-json\/wp\/v2\/pages\/12476","targetHints":{"allow":["GET"]}}],"collection":[{"href":"https:\/\/www.alpino.com.tr\/en\/wp-json\/wp\/v2\/pages"}],"about":[{"href":"https:\/\/www.alpino.com.tr\/en\/wp-json\/wp\/v2\/types\/page"}],"author":[{"embeddable":true,"href":"https:\/\/www.alpino.com.tr\/en\/wp-json\/wp\/v2\/users\/1"}],"replies":[{"embeddable":true,"href":"https:\/\/www.alpino.com.tr\/en\/wp-json\/wp\/v2\/comments?post=12476"}],"version-history":[{"count":25,"href":"https:\/\/www.alpino.com.tr\/en\/wp-json\/wp\/v2\/pages\/12476\/revisions"}],"predecessor-version":[{"id":14183,"href":"https:\/\/www.alpino.com.tr\/en\/wp-json\/wp\/v2\/pages\/12476\/revisions\/14183"}],"wp:attachment":[{"href":"https:\/\/www.alpino.com.tr\/en\/wp-json\/wp\/v2\/media?parent=12476"}],"curies":[{"name":"wp","href":"https:\/\/api.w.org\/{rel}","templated":true}]}}