{"id":12502,"date":"2025-08-04T09:41:45","date_gmt":"2025-08-04T09:41:45","guid":{"rendered":"https:\/\/avenyazilim.com\/alpino\/?page_id=12502"},"modified":"2025-08-04T09:53:22","modified_gmt":"2025-08-04T09:53:22","slug":"gizlilik-politikamiz","status":"publish","type":"page","link":"https:\/\/www.alpino.com.tr\/en\/gizlilik-politikamiz\/","title":{"rendered":"Our Privacy Policy"},"content":{"rendered":"<div class=\"wpb-content-wrapper\"><section data-vc-full-width=\"true\" data-vc-full-width-init=\"false\" class=\"vc_section vc_custom_1754299396098 vc_section-has-fill wd-rs-68907bf969550\"><div class=\"vc_row wpb_row vc_row-fluid vc_custom_1754299218172 vc_row-o-content-middle vc_row-flex wd-rs-68907b4d60cc8\"><div class=\"wpb_column vc_column_container vc_col-sm-10 vc_col-lg-offset-1 vc_col-has-fill wd-rs-68908112b0615\"><div class=\"vc_column-inner vc_custom_1754300693270\"><div class=\"wpb_wrapper\">\n\t\t<div id=\"wd-6890830496b33\" class=\"title-wrapper wd-wpb set-mb-s reset-last-child  wd-rs-6890830496b33 wd-title-color-primary wd-title-style-underlined text-center vc_custom_1754301196731 wd-width-custom wd-underline-colored\">\n\t\t\t\t\t\t\t<div class=\"title-subtitle  subtitle-color-primary font-default subtitle-style-default wd-font-weight- wd-fontsize-xs\">Alpino Mobilya Ltd. \u015eti.<\/div>\n\t\t\t\n\t\t\t<div class=\"liner-continer\">\n\t\t\t\t<h4 class=\"woodmart-title-container title  wd-font-weight- wd-fontsize-l\" >Privacy Policy<\/h4>\n\t\t\t\t\t\t\t<\/div>\n\t\t\t\n\t\t\t\n\t\t\t\n\t\t<\/div>\n\t\t\n\t\t\n\t<div class=\"wpb_text_column wpb_content_element color-scheme-dark\" >\n\t\t<div class=\"wpb_wrapper\">\n\t\t\t<p><span style=\"color: #000000;\"><strong>\u00d6NS\u00d6Z<\/strong><\/span><\/p>\n<p><span style=\"color: #000000;\">Ki\u015fisel Verilerin Korunmas\u0131 Kanunu kapsam\u0131nda Alpino Mobilya Ltd. \u015eti. olarak ki\u015fisel verilerinizin ve\/veya \u00f6zel nitelikli ki\u015fisel verilerinizin korunmas\u0131na \u00f6nem vermekteyiz. \u015eirketimize muhtelif yollardan iletilen sizlere ait t\u00fcm ki\u015fisel verilerin ve\/veya \u00f6zel nitelikli ki\u015fisel verilerin saklanmas\u0131 hususunda hassasiyet g\u00f6stermekteyiz. Bu ba\u011flamda 6698 Say\u0131l\u0131 Ki\u015fisel Verilerin Korunmas\u0131 Kanunu ba\u015fta olmak \u00fczere T.C. Anayasas\u0131 ve sair mevzuat h\u00fck\u00fcmlerine uyum sa\u011flayabilmek ad\u0131na Alpino Mobilya Ltd. \u015eti. olarak t\u00fcm teknik ve idari tedbirleri alm\u0131\u015f bulunmaktay\u0131z. Kanunlar taraf\u0131ndan g\u00fcvence alt\u0131na al\u0131nan haklar\u0131n\u0131z\u0131 koruyaca\u011f\u0131m\u0131z\u0131 da \u00f6nemle belirtmek isteriz. Bu ba\u011flamda ki\u015fisel verilerinizi \u015firketimizle g\u00fcvenle payla\u015fabilir, \u00f6neri, \u015fik\u00e2yet ve teredd\u00fctlerinizi taraf\u0131m\u0131za iletebilirsiniz.<\/span><\/p>\n<p><span style=\"color: #000000;\">Ki\u015fisel verilerinizin korunmas\u0131 konusunda bilhassa \u00f6nem arz eden \u015eirketimizde y\u00fcr\u00fcrl\u00fc\u011fe konulmu\u015f olan Gizlilik Politikam\u0131z\u0131 sizlerle payla\u015fmaktay\u0131z.<\/span><\/p>\n<p><span style=\"color: #000000;\"><strong>Alpino Mobilya Ltd. \u015eti.<\/strong><\/span><\/p>\n<p><span style=\"color: #000000;\"><strong>1.G\u0130ZL\u0130L\u0130K POL\u0130KASININ AMACI<\/strong><\/span><\/p>\n<p><span style=\"color: #000000;\">Ki\u015fisel verilerin korunmas\u0131 ve kanunlara uyum sa\u011flanmas\u0131 temel prensibimizdir. \u015eirketimiz daima ki\u015fisel verilerin ve\/veya \u00f6zel nitelikli ki\u015fisel verilerin korunmas\u0131na ili\u015fkin gereken hassasiyeti g\u00f6stermi\u015ftir. Alpino Mobilya Ltd. \u015eti. (bundan sonra \u201c<strong>Alpino<\/strong>\u201d veya \u201c<strong>Company<\/strong>\u201d olarak\u00a0 an\u0131lacakt\u0131r.) olarak yapt\u0131\u011f\u0131m\u0131z t\u00fcm i\u015flerde sizlerden alm\u0131\u015f oldu\u011fumuz ki\u015fisel veriler ve\/veya \u00f6zel nitelikli ki\u015fisel veriler gizli tutulmu\u015f ve \u00fc\u00e7\u00fcnc\u00fc ki\u015filerle payla\u015f\u0131lmam\u0131\u015ft\u0131r. Yine 6698 Say\u0131l\u0131 Ki\u015fisel Verilerin Korunmas\u0131 Kanunu uyar\u0131nca \u015firket i\u00e7i d\u00fczenlemelerimiz yeniden yap\u0131lm\u0131\u015f olup; t\u00fcm teknik ve idari tedbirler al\u0131nm\u0131\u015ft\u0131r. Devam eden s\u00fcre\u00e7te de Alpino olarak Kanunlar\u0131n getirdi\u011fi t\u00fcm sorumluluklara uymay\u0131 kabul, beyan ve taahh\u00fct etmekteyiz.<\/span><\/p>\n<p><span style=\"color: #000000;\"><strong>2.G\u0130ZL\u0130L\u0130K POL\u0130T\u0130KASININ KAPSAMI<\/strong><\/span><\/p>\n<p><span style=\"color: #000000;\">\u0130\u015fbu Gizlilik Politikam\u0131z 6698 Say\u0131l\u0131 Ki\u015fisel Verilerin Korunmas\u0131 Kanununa uygun olarak haz\u0131rlanm\u0131\u015ft\u0131r.<\/span><\/p>\n<p><span style=\"color: #000000;\">Ki\u015fisel verileriniz ve\/veya \u00f6zel nitelikli ki\u015fisel verileriniz r\u0131zan\u0131zla ya da kanuna uygunluk halleri kapsam\u0131nda elde edilmektedir. S\u00f6z konusu verileriniz;<\/span><\/p>\n<p><span style=\"color: #000000;\"><strong>&#8211;\u00a0\u00a0\u00a0\u00a0\u00a0\u00a0\u00a0\u00a0\u00a0 \u015eirket g\u00fcvenli\u011finin sa\u011flanabilmesi,<\/strong><\/span><\/p>\n<p><span style=\"color: #000000;\"><strong>&#8211;\u00a0\u00a0\u00a0\u00a0\u00a0\u00a0\u00a0\u00a0\u00a0 Sizlere eksiksiz hizmet sunulabilmesi,<\/strong><\/span><\/p>\n<p><span style=\"color: #000000;\"><strong>&#8211;\u00a0\u00a0\u00a0\u00a0\u00a0\u00a0\u00a0\u00a0\u00a0 Ticari faaliyetlerimizin y\u00fcr\u00fct\u00fclebilmesi,<\/strong><\/span><\/p>\n<p><span style=\"color: #000000;\"><strong>&#8211;\u00a0\u00a0\u00a0\u00a0\u00a0\u00a0\u00a0\u00a0\u00a0 Sorunlar\u0131n\u0131z\u0131n h\u0131zl\u0131ca \u00e7\u00f6z\u00fcmlenebilmesi,<\/strong><\/span><\/p>\n<p><span style=\"color: #000000;\"><strong>&#8211;\u00a0\u00a0\u00a0\u00a0\u00a0\u00a0\u00a0\u00a0\u00a0 Kalitemizin art\u0131r\u0131labilmesi,<\/strong>\u00a0amac\u0131yla kullan\u0131lmaktad\u0131r.<\/span><\/p>\n<p><span style=\"color: #000000;\">Sizlerden gelen baz\u0131 ki\u015fisel veriler ve\/veya \u00f6zel nitelikli ki\u015fisel veriler Kanunun \u00f6ng\u00f6rd\u00fc\u011f\u00fc usullerde ki\u015fisellikten \u00e7\u0131kar\u0131lmakta ve anonim hale getirilmektedir. \u0130statistik amac\u0131yla kullan\u0131lan veriler halihaz\u0131rda Kanunun d\u00fczenlemesine ve politikam\u0131z\u0131n kapsam\u0131n d\u00e2hil de\u011fildir. Alpino olarak veri politikam\u0131z, y\u00f6netmeli\u011fimiz ve y\u00f6nergemiz uyar\u0131nca Kanuna uygunluk kapsam\u0131nda ki\u015fisel verileri korumak maksad\u0131yla de\u011fi\u015ftirme hakk\u0131m\u0131z haizdir.<\/span><\/p>\n<p><span style=\"color: #000000;\">Gizlilik politikas\u0131 Alpino\u2018nun \u00e7\u00f6z\u00fcm ortakl\u0131\u011f\u0131 yapt\u0131\u011f\u0131 ger\u00e7ek ve t\u00fczel ki\u015filerin m\u00fc\u015fterileri, \u00e7al\u0131\u015fanlar\u0131 ve di\u011fer t\u00fcm ki\u015filerin herhangi bir yoldan elde edilen verilerinin korunmas\u0131n\u0131 ama\u00e7lamakt\u0131r. Bu ba\u011flamda ama\u00e7lanan hedefi ger\u00e7ekle\u015ftirmek amac\u0131yla \u00e7e\u015fitli d\u00fczenlemeleri ihtiva etmektedir.<\/span><\/p>\n<p><span style=\"color: #000000;\"><strong>3.K\u0130\u015e\u0130SEL VER\u0130LER\u0130N VE\/VEYA \u00d6ZEL N\u0130TEL\u0130KL\u0130 K\u0130\u015e\u0130SEL VER\u0130LER\u0130N \u0130\u015eLENMES\u0130 \u0130LE \u0130LG\u0130L\u0130 TEMEL PRENS\u0130PLER<\/strong><\/span><\/p>\n<p><span style=\"color: #000000;\">Ki\u015fisel verilerin ve\/veya \u00f6zel nitelikli ki\u015fisel verilerin i\u015flenmesi ile ilgili temel prensiplerimiz a\u015fa\u011f\u0131daki gibidir. Bu ba\u011flamda Alpino\u2019nun r\u0131zaya dayanarak veya Kanuna uygun olarak toplad\u0131\u011f\u0131 ya da i\u015fledi\u011fi verilerde de i\u015fbu ilkeler ge\u00e7erli olacakt\u0131r.<\/span><\/p>\n<p><span style=\"color: #000000;\"><strong>-Hukuka Uygun Olmas\u0131:<\/strong>: Alpino ger\u00e7ek ve t\u00fczel ki\u015filerden kendisine gelen ve muhtelif yollardan toplad\u0131\u011f\u0131 ki\u015fisel verilerin ve\/veya \u00f6zel nitelikli ki\u015fisel verilerin kayna\u011f\u0131n\u0131 ve hukuka uygunlu\u011funu sorgulamaktad\u0131r. Bu ba\u011flamda verilerin hukuka uygun olarak elde edilmesi Alpino i\u00e7in \u00f6nem arz etmektedir.<\/span><\/p>\n<p><span style=\"color: #000000;\">&#8211;<strong>D\u00fcr\u00fcstl\u00fck Kurallar\u0131na Uygun Olmas\u0131:<\/strong>\u00a0Alpino ger\u00e7ek ve t\u00fczel ki\u015filerden kendisine gelen ve muhtelif yollardan toplad\u0131\u011f\u0131 ki\u015fisel verilerin ve\/veya \u00f6zel nitelikli ki\u015fisel verilerin kayna\u011f\u0131n\u0131 sorgulamaktad\u0131r. Bu ba\u011flamda verilerin d\u00fcr\u00fcstl\u00fck kurallar\u0131 \u00e7er\u00e7evesinde elde edilmesi Alpino i\u00e7in \u00f6nem arz etmektedir.<\/span><\/p>\n<p><span style=\"color: #000000;\"><strong>-\u0130\u015flendikleri Ama\u00e7la S\u0131n\u0131rl\u0131, \u00d6l\u00e7\u00fcl\u00fc ve Ba\u011flant\u0131l\u0131 Olmas\u0131:\u00a0Alpino<\/strong>\u00a0muhtelif yollardan elde etti\u011fi ki\u015fisel verileri ve\/veya \u00f6zel nitelikli ki\u015fisel verileri i\u015flendikleri amaca uygun, i\u015flenme amac\u0131yla s\u0131n\u0131rl\u0131, \u00f6l\u00e7\u00fcl\u00fc ve hizmetin ifas\u0131n\u0131n gerektirdi\u011fi \u00f6l\u00e7\u00fcde kullanmaktad\u0131r.<\/span><\/p>\n<p><span style=\"color: #000000;\"><strong>-Ki\u015fisel Verilerin ve\/veya \u00d6zel Nitelikli Ki\u015fisel Verilerin Do\u011fru Olmas\u0131:<\/strong>\u00a0Alpino ger\u00e7ek ve t\u00fczel ki\u015filerden kendisine gelen ve muhtelif yollardan toplad\u0131\u011f\u0131 ki\u015fisel verilerin ve\/veya \u00f6zel nitelikli ki\u015fisel verilerin yanl\u0131\u015f bilgi i\u00e7ermemesine ve do\u011fru olmas\u0131na \u00f6nem vermektedir.<\/span><\/p>\n<p><span style=\"color: #000000;\"><strong>-Gerekti\u011finde G\u00fcncel Olmas\u0131:<\/strong>\u00a0Alpino muhtelif \u015fekillerde elde etti\u011fi ki\u015fisel verilerde ve\/veya \u00f6zel nitelikli ki\u015fisel verilerde de\u011fi\u015fiklik olmu\u015fsa, s\u00f6z konusu de\u011fi\u015fikli\u011fin \u015firkete iletilmesine ve iletildi\u011fi takdirde verinin g\u00fcncellenmesine \u00f6nem vermektedir.<\/span><\/p>\n<p><span style=\"color: #000000;\"><strong>-Belirli ve Me\u015fru Ama\u00e7lar \u0130\u00e7in \u0130\u015flenmesi<\/strong>: Alpino ticari faaliyetin y\u00fcr\u00fct\u00fclmesi ve i\u015fin ifas\u0131n\u0131n sa\u011flanmas\u0131 i\u00e7in veri sahibinin verdi\u011fi onay \u00e7er\u00e7evesinde verileri i\u015flemektedir. Ticari faaliyetinin y\u00fcr\u00fct\u00fclmesi ve i\u015fin ifas\u0131n\u0131n sa\u011flanmas\u0131 amac\u0131 d\u0131\u015f\u0131nda ki\u015fisel verileri i\u015flemez ve kullanmaz. \u00dc\u00e7\u00fcnc\u00fc ki\u015filerin kullanmas\u0131na ve i\u015flenmesine izin vermez.<\/span><\/p>\n<p><span style=\"color: #000000;\"><strong>-Kanunda \u00d6ng\u00f6r\u00fclen ve\/veya \u0130\u015flendikleri Ama\u00e7 \u0130\u00e7in Gerekli Olacak S\u00fcre Kadar Muhafaza Edilmesi:<\/strong>\u00a0Alpino elde etti\u011fi ki\u015fisel verileri ve\/veya \u00f6zel nitelikli ki\u015fisel verileri ilgili kanunlarda \u00f6ng\u00f6r\u00fclen s\u00fcreler boyunca saklamaktad\u0131r. Bu ba\u011flamda s\u00f6zle\u015fme kaynakl\u0131 ki\u015fisel verileri zamana\u015f\u0131m\u0131 ve Kanunlar\u0131n \u00f6ng\u00f6rd\u00fc\u011f\u00fc uyu\u015fmazl\u0131k \u00e7\u0131kma s\u00fcreleri, Ticaret, Bor\u00e7lar ve Vergi Hukukunun gereklilikleri kadar uhdesinde muhafaza etmektedir. S\u00f6z konusu ama\u00e7lar son buldu\u011funda veriyi anonimle\u015ftirmekte, yok etmekte veya silmektedir. \u0130\u015fbu veriler \u201c<strong><em>K\u0130\u015e\u0130SEL VER\u0130LER\u0130 SAKLAMA, AKTARMA, S\u0130LME VE ANON\u0130MLE\u015eT\u0130RME, POL\u0130T\u0130KASI<\/em><\/strong>\u201d do\u011frultusunda silinmekte ve yok edilmektedir.<\/span><\/p>\n<p><span style=\"color: #000000;\"><strong>4.K\u0130\u015e\u0130SEL VER\u0130LER\u0130N KORUNMASI KANUNUNUN 11. MADDES\u0130 UYARINCA B\u0130LG\u0130 TALEP EDEN \u0130LG\u0130L\u0130N\u0130N HAKLARI<\/strong><\/span><\/p>\n<p><span style=\"color: #000000;\">6698 Say\u0131l\u0131 Ki\u015fisel Verilerin Korunmas\u0131 Kanunu 11. Maddesinde veri sahibinin haklar\u0131n\u0131 h\u00fck\u00fcm alt\u0131na alm\u0131\u015ft\u0131r. Kanunda veri sahibi ilgili ki\u015fi olarak addedilmi\u015f olup; verilerinin i\u015flenmesine ili\u015fkin baz\u0131 taleplerde bulunma hakk\u0131 \u00f6ng\u00f6r\u00fclm\u00fc\u015ft\u00fcr.\u00a0 \u0130\u015fbu madde uyar\u0131nca ilgili ki\u015finin talep haklar\u0131 a\u015fa\u011f\u0131daki gibidir:<\/span><\/p>\n<ol>\n<li aria-level=\"1\"><span style=\"color: #000000;\"><strong>a)<\/strong>\u00a0Ki\u015fisel veri i\u015flenip i\u015flenmedi\u011fini \u00f6\u011frenme,<\/span><\/li>\n<li aria-level=\"1\"><span style=\"color: #000000;\"><strong>b)<\/strong>\u00a0Ki\u015fisel verileri i\u015flenmi\u015fse buna ili\u015fkin bilgi talep etme,<\/span><\/li>\n<li aria-level=\"1\"><span style=\"color: #000000;\"><strong>c)\u00a0<\/strong>Ki\u015fisel verilerin i\u015flenme amac\u0131n\u0131 ve bunlar\u0131n amac\u0131na uygun kullan\u0131l\u0131p kullan\u0131lmad\u0131\u011f\u0131n\u0131 \u00f6\u011frenme,<\/span><\/li>\n<li aria-level=\"1\"><span style=\"color: #000000;\"><strong>\u00e7)<\/strong>\u00a0Yurt i\u00e7inde veya yurt d\u0131\u015f\u0131nda ki\u015fisel verilerin aktar\u0131ld\u0131\u011f\u0131 \u00fc\u00e7\u00fcnc\u00fc ki\u015fileri bilme,<\/span><\/li>\n<li aria-level=\"1\"><span style=\"color: #000000;\"><strong>d)<\/strong>\u00a0Ki\u015fisel verilerin eksik veya yanl\u0131\u015f i\u015flenmi\u015f olmas\u0131 h\u00e2linde bunlar\u0131n d\u00fczeltilmesini isteme,<\/span><\/li>\n<li aria-level=\"1\"><span style=\"color: #000000;\"><strong>e)<\/strong>\u00a0\u201cKi\u015fisel verilerin silinmesi, yok edilmesi veya anonim h\u00e2le getirilmesi\u201d ba\u015fl\u0131kl\u0131 kanunun 7. Maddesinde \u00f6ng\u00f6r\u00fclen \u015fartlar \u00e7er\u00e7evesinde ki\u015fisel verilerin silinmesini veya yok edilmesini isteme,<\/span><\/li>\n<li aria-level=\"1\"><span style=\"color: #000000;\"><strong>f)<\/strong>\u00a0Eksik ya da yanl\u0131\u015f i\u015flenmi\u015f verinin d\u00fczeltildi\u011fini veya ilgilinin talebi \u00fczerine verinin silindi\u011fini veyahut yok edildi\u011fine ili\u015fkin bilginin ki\u015fisel verilerin aktar\u0131ld\u0131\u011f\u0131 \u00fc\u00e7\u00fcnc\u00fc ki\u015filere bildirilmesini isteme,<\/span><\/li>\n<li aria-level=\"1\"><span style=\"color: #000000;\"><strong>g)<\/strong>\u00a0\u0130\u015flenen verilerin m\u00fcnhas\u0131ran otomatik sistemler vas\u0131tas\u0131yla analiz edilmesi suretiyle ki\u015finin kendisi aleyhine bir sonucun ortaya \u00e7\u0131kmas\u0131na itiraz etme,<\/span><\/li>\n<li aria-level=\"1\"><span style=\"color: #000000;\"><strong>h)<\/strong>Ki\u015fisel verilerin kanuna ayk\u0131r\u0131 olarak i\u015flenmesi sebebiyle zarara u\u011framas\u0131 h\u00e2linde zarar\u0131n giderilmesini talep etme.<\/span><\/li>\n<\/ol>\n<p>&nbsp;<\/p>\n<p><span style=\"color: #000000;\">S\u00f6z konusu haklar\u0131n\u0131z\u0131 kullanabilmenizi sa\u011flayan ba\u015fvuru s\u00fcrecine ili\u015fkin\u00a0<strong>\u201c<\/strong><a style=\"color: #000000;\" href=\"https:\/\/www.casa.com.tr\/bilgi-talep-formu\"><strong>6698 Say\u0131l\u0131 Kanun Uyar\u0131nca Bilgi Talep Formu<\/strong><\/a>\u201d Alpino taraf\u0131ndan haz\u0131rlanarak internet sitesine y\u00fcklenmi\u015ftir. Ki\u015fisel verileri i\u015flenen sizler internet sitemizdeki ba\u015fvuru usul ve esaslar\u0131na uyarak yukar\u0131da bahsedilen haklar\u0131n\u0131z\u0131 kullanabilirsiniz.<\/span><\/p>\n<p><span style=\"color: #000000;\"><strong>5.K\u0130\u015e\u0130SEL VER\u0130LER\u0130N S\u0130L\u0130NMES\u0130, YOK ED\u0130LMES\u0130 VE ANON\u0130M HALE GET\u0130R\u0130LMES\u0130<\/strong><\/span><\/p>\n<p><span style=\"color: #000000;\">Ki\u015fisel verileriniz ve\/veya \u00f6zel nitelikli ki\u015fisel verileriniz Kanunda \u00f6ng\u00f6r\u00fclen zamana\u015f\u0131m\u0131 ve saklama s\u00fcrelerin dolmas\u0131, yarg\u0131 s\u00fcre\u00e7lerinin tamamlanmas\u0131 veya amaca uygun di\u011fer gerekliliklerin son bulmas\u0131 ile silinir, yok edilir veya anonim hale getirilir. \u0130\u015fbu veriler \u201c<strong><em>K\u0130\u015e\u0130SEL VER\u0130LER\u0130 SAKLAMA, AKTARMA, S\u0130LME VE ANON\u0130MLE\u015eT\u0130RME, POL\u0130T\u0130KASI<\/em><\/strong>\u201d do\u011frultusunda silinmekte ve yok edilmektedir. Silme, yok etme ve anonim hale getirme i\u015flemleri ilgili veri sahibinin talebi \u00fczerine veya Alpino taraf\u0131ndan re\u2019sen (kendili\u011finden) yap\u0131lmaktad\u0131r.<\/span><\/p>\n<p><span style=\"color: #000000;\"><strong>6.C\u0130MR\u0130L\u0130K \u0130LKES\u0130<\/strong><\/span><\/p>\n<p><span style=\"color: #000000;\">Cimrilik ilkesi di\u011fer ad\u0131yla azami tasarruf ilkesidir. Muhtelif yollardan ula\u015fan ki\u015fisel veriler ve\/veya \u00f6zel nitelikli ki\u015fisel veriler \u015eirketimizin sistemine aktar\u0131l\u0131r. S\u00f6z konusu ilke uyar\u0131nca veriler, gerekli oldu\u011fu kadar sisteme i\u015flenmektedir.<\/span><\/p>\n<p><span style=\"color: #000000;\">Alpino taraf\u0131ndan toplanacak veriler amaca uygun olarak belirlenmekte ve de\u011fi\u015fkenlik g\u00f6stermektedir. Bu ba\u011flamda veriler amaca uygun olarak toplanmakta ve ama\u00e7la paralel olmayan veriler toplanmamaktad\u0131r. Amac\u0131 d\u0131\u015f\u0131ndaki fazlal\u0131k veriler \u015firket sistemine kaydedilmez, silinir veya anonim hale getirilir. Fakat s\u00f6z konusu veriler istatistik\u00ee ama\u00e7la kullan\u0131labilir.<\/span><\/p>\n<p><span style=\"color: #000000;\"><strong>7.VER\u0130LER\u0130N G\u0130ZL\u0130L\u0130\u011e\u0130 VE G\u00dcVENL\u0130\u011e\u0130<\/strong><\/span><\/p>\n<p><span style=\"color: #000000;\">Alpino olarak ki\u015fisel verilerinizin ve\/veya \u00f6zel nitelikli ki\u015fisel verilerinizin gizlili\u011fine \u00f6nem vermekteyiz. Bu ba\u011flamda herhangi bir yoldan \u015eirketimize ula\u015fan ki\u015fisel verileriniz ve\/veya \u00f6zel nitelikli ki\u015fisel verileriniz gizlidir. Alpino ticari faaliyetini y\u00fcr\u00fctt\u00fc\u011f\u00fc her a\u015famada s\u00f6z konusu verilerin gizlili\u011fine riayet etmektedir. Bu ba\u011flamda i\u015fbu \u015eirket gizlilik politikas\u0131na tam uyum sa\u011flanmaktad\u0131r. Muhtelif yollardan toplanan ki\u015fisel verilerin ve\/veya \u00f6zel nitelikli ki\u015fisel verilerin yetkisiz ki\u015filerin eline ge\u00e7memesi, veri sahibin haklar\u0131na zarar gelmemesi-ma\u011fdur olmamas\u0131 ve verilerin korunabilmesi i\u00e7in gerekli teknik ve idari tedbirler al\u0131nmaktad\u0131r. Ek olarak Hukuka Uygunluk \u00e7er\u00e7evesinde ki\u015fisel verileri ve\/veya \u00f6zel nitelikli ki\u015fisel verileri payla\u015ft\u0131\u011f\u0131m\u0131z \u015firketlerden de veri korumas\u0131 talep edilmektedir. Yine yaz\u0131l\u0131m programlar\u0131m\u0131z g\u00fcncellenmekte ve devaml\u0131 olarak yenilenmektedir. \u00dcst d\u00fczey koruma sa\u011flanmas\u0131 i\u00e7in teknolojik a\u00e7\u0131dan t\u00fcm gereklilikler yerine getirilmekte ve standartlara uygunluk sa\u011flanmaktad\u0131r.<\/span><\/p>\n<p><span style=\"color: #000000;\"><strong>8.VER\u0130LER\u0130N G\u00dcNCELL\u0130\u011e\u0130<\/strong><\/span><\/p>\n<p><span style=\"color: #000000;\">Alpino b\u00fcnyesinde g\u00fcncellik ilkesi esast\u0131r. Zira muhtelif \u015fekillerde elde edilen ki\u015fisel veriler ve\/veya \u00f6zel nitelikli ki\u015fisel veriler talep \u00fczerine i\u015flenir ve g\u00fcncellenir. Buna ili\u015fkin gerekli \u00f6nlemler de Alpino taraf\u0131ndan al\u0131n\u0131r.<\/span><\/p>\n<p><span style=\"color: #000000;\"><strong>9.VER\u0130LER\u0130N DO\u011eRULU\u011eU<\/strong><\/span><\/p>\n<p><span style=\"color: #000000;\">Beyan edilen ki\u015fisel verilerin ve\/veya \u00f6zel nitelikli ki\u015fisel verilerin do\u011frulu\u011fu ilkesi Alpino taraf\u0131ndan benimsenmi\u015ftir. Alpino m\u00fc\u015fterilerinin veya temas halinde oldu\u011fu ger\u00e7ek ve t\u00fczel ki\u015filerin beyan etti\u011fi ki\u015fisel verilerin ve\/veya \u00f6zel nitelikli ki\u015fisel verilerin do\u011frulu\u011funu ara\u015ft\u0131rmak zorunda de\u011fildir. Zira bu husus Hukuken ve \u00e7al\u0131\u015fma prensiplerimiz do\u011frultusunda m\u00fcmk\u00fcn de\u011fildir. Bu ba\u011flamda beyan edilen verilerin do\u011fru oldu\u011fundan bahisle t\u00fcm i\u015flemler y\u00fcr\u00fct\u00fclmektedir.<\/span><\/p>\n<p><span style=\"color: #000000;\"><strong>10.K\u0130\u015e\u0130SEL VER\u0130LER\u0130N VE\/VEYA \u00d6ZEL N\u0130TEL\u0130KL\u0130 K\u0130\u015e\u0130SEL VER\u0130LER\u0130N \u0130\u015eLENME AMA\u00c7LARI<\/strong><\/span><\/p>\n<p><span style=\"color: #000000;\">Ki\u015fisel verilerin ve\/veya \u00f6zel nitelikli ki\u015fisel verilerin i\u015flenmesi Alpino\u2019ya ait Ayd\u0131nlatma Metninde ki ama\u00e7lar paralelinde ger\u00e7ekle\u015ftirilecektir. Ayd\u0131nlatma Metnine Alpino\u2019ya ait internet sitesinden ula\u015fabilirsiniz.<\/span><\/p>\n<p><span style=\"color: #000000;\"><strong>11.K\u0130\u015e\u0130SEL VER\u0130LER\u0130N VE\/VEYA \u00d6ZEL N\u0130TEL\u0130KL\u0130 K\u0130\u015e\u0130SEL VER\u0130LER\u0130N \u0130\u015eLENMES\u0130<\/strong><\/span><\/p>\n<p><span style=\"color: #000000;\">Alpino ticari faaliyetlerini y\u00fcr\u00fctebilmek, hizmetin ifas\u0131n\u0131 sa\u011flayabilmek ve me\u015fru ama\u00e7lar\u0131 ger\u00e7ekle\u015ftirebilmek ad\u0131na ki\u015fisel verilerinizi ve\/veya \u00f6zel nitelikli ki\u015fisel verilerinizi i\u015fleyebilir. S\u00f6z konusu veriler hi\u00e7bir zaman Hukuka Ayk\u0131r\u0131 hizmetler ve gayri me\u015fru sebepler i\u00e7in kullan\u0131lmaz.<\/span><\/p>\n<p><span style=\"color: #000000;\">\u00d6zel nitelikli ki\u015fisel verilerin i\u015flenmesi konusunda ise ayr\u0131ca hassasiyet g\u00f6sterilmektedir. \u015eirketimiz b\u00fcnyesinde \u00f6zel nitelikli ki\u015fisel verilerin i\u015flenmesi hususunda \u201c<strong>\u00d6zel Nitelikli Ki\u015fisel Verilerin Korunmas\u0131 ve \u0130\u015flenmesi Politikas\u0131na<\/strong>\u201d riayet edilmektedir. Ek olarak \u00f6zel nitelikli ki\u015fisel veriler i\u015flenirken Kurul taraf\u0131ndan belirlenen gerekli ve yeterli t\u00fcm \u00f6nlemler de al\u0131nmaktad\u0131r.<\/span><\/p>\n<p><span style=\"color: #000000;\"><strong>12.REKLAM AMACIYLA K\u0130\u015e\u0130SEL VER\u0130LER\u0130N VE\/VEYA \u00d6ZEL N\u0130TEL\u0130KL\u0130 K\u0130\u015e\u0130SEL VER\u0130LER\u0130N \u0130\u015eLENMES\u0130<\/strong><\/span><\/p>\n<p><span style=\"color: #000000;\">Reklam ama\u00e7l\u0131 g\u00f6nderilen elektronik iletilerde al\u0131c\u0131dan onay al\u0131nmas\u0131 gerekmektedir. Bu ba\u011flamda ancak \u00f6nceden onay al\u0131nan ki\u015filere reklam ama\u00e7l\u0131 elektronik ileti g\u00f6nderilebilir. S\u00f6z konusu husus \u201c<strong><em>Elektronik Ticaretin D\u00fczenlenmesi Hakk\u0131nda Kanun<\/em><\/strong>\u201d ile \u201c<strong><em>Ticari \u0130leti\u015fim ve Ticari Elektronik \u0130letiler Hakk\u0131nda Y\u00f6netmelik<\/em><\/strong>\u201d\u2019te de a\u00e7\u0131k\u00e7a d\u00fczenlenmi\u015ftir.<\/span><\/p>\n<p><span style=\"color: #000000;\">Alpino reklam ama\u00e7l\u0131 elektronik ticari ileti g\u00f6nderirken yukar\u0131da bahsi ge\u00e7en Kanun h\u00fck\u00fcmlerine uygun davranmaktad\u0131r. Yine Kanuna uygun olarak onay\u0131n al\u0131nmas\u0131na ve onay\u0131n detaylar\u0131na riayet etmektedir. S\u00f6z konusu onay; her t\u00fcrl\u00fc elektronik ileti\u015fim arac\u0131yla veya yaz\u0131l\u0131 olarak fiziki ortamda al\u0131nabilir. Onayda esas olan ticari elektronik ileti al\u0131c\u0131s\u0131n\u0131n, ticari elektronik ileti g\u00f6nderilmesini kabul etti\u011fine dair olumlu irade beyan\u0131n\u0131n varl\u0131\u011f\u0131, elektronik ileti\u015fim adresi ve ad-soyad\u0131n\u0131n bulunmas\u0131d\u0131r.<\/span><\/p>\n<p><span style=\"color: #000000;\">Al\u0131c\u0131dan al\u0131nan onay, \u015eirketin mal ve hizmetlerini pazarlamak, tan\u0131tmak, i\u015fletmesini tan\u0131tmak, tan\u0131n\u0131rl\u0131\u011f\u0131n\u0131 sa\u011flamak, kutlama, temenni ve tebrik vb. i\u00e7eriklerle tan\u0131n\u0131rl\u0131\u011f\u0131n\u0131 artt\u0131rmak amac\u0131yla elektronik ileti\u015fim adreslerine g\u00f6nderilen t\u00fcm ticari elektronik iletileri kapsamal\u0131d\u0131r.<\/span><\/p>\n<p><span style=\"color: #000000;\"><strong>13.\u015e\u0130RKET\u0130N HUKUK\u0130 Y\u00dcK\u00dcML\u00dcL\u00dc\u011e\u00dc VE KANUNDA A\u00c7IK\u00c7A \u00d6NG\u00d6R\u00dcLMES\u0130 SEBEB\u0130YLE YAPILAN VER\u0130 \u0130\u015eLEMLER\u0130<\/strong><\/span><\/p>\n<p><span style=\"color: #000000;\">Ki\u015fisel veriler ayr\u0131ca onay al\u0131nmadan ancak, veri i\u015flemenin ilgili Kanunda a\u00e7\u0131k\u00e7a belirtilmesi ve\/veya Kanunda belirlenen bir hukuki y\u00fck\u00fcml\u00fcl\u00fc\u011f\u00fcn ifa edilmesi amac\u0131yla i\u015flenebilir. \u0130\u015flenen verilerin t\u00fcr ve kapsam\u0131 Kanunen izin verilmi\u015f olan veri i\u015fleme faaliyeti i\u00e7in gerekli olmal\u0131d\u0131r. Her ko\u015fulda da ilgili Kanun h\u00fck\u00fcmlerine uygunluk esast\u0131r.<\/span><\/p>\n<p><span style=\"color: #000000;\"><strong>14.S\u00d6ZLE\u015eME \u0130L\u0130\u015eK\u0130S\u0130 \u0130\u00c7ER\u0130S\u0130NDE K\u0130\u015e\u0130SEL VER\u0130LER\u0130N TOPLANMASI VE \u0130\u015eLENMES\u0130<\/strong><\/span><\/p>\n<p><span style=\"color: #000000;\">M\u00fc\u015fteriler veya muhtemel m\u00fc\u015fterilerle s\u00f6zle\u015fme ili\u015fkisi kurulmu\u015f ise, s\u00f6zle\u015fme uyar\u0131nca toplanm\u0131\u015f olan veriler onay al\u0131nmaks\u0131z\u0131n Alpino taraf\u0131ndan kullan\u0131labilir. S\u00f6z konusu ki\u015fisel veriler hizmetin ifas\u0131, s\u00f6zle\u015fmenin icras\u0131, ticari faaliyetin y\u00fcr\u00fct\u00fcm\u00fc ve gereklilikler \u00e7er\u00e7evesinde kullan\u0131lmaktad\u0131r. \u0130\u015fbu veriler m\u00fc\u015fterilerle ileti\u015fime ge\u00e7erek g\u00fcncellenebilir.<\/span><\/p>\n\n\t\t<\/div>\n\t<\/div>\n<\/div><\/div><\/div><\/div><\/section><div class=\"vc_row-full-width vc_clearfix\"><\/div>\n<\/div>","protected":false},"excerpt":{"rendered":"Alpino Mobilya Ltd. \u015eti. Gizlilik Politikas\u0131 \u00d6NS\u00d6Z Ki\u015fisel Verilerin Korunmas\u0131 Kanunu kapsam\u0131nda Alpino Mobilya Ltd. \u015eti. olarak ki\u015fisel verilerinizin ve\/veya","protected":false},"author":1,"featured_media":0,"parent":0,"menu_order":0,"comment_status":"closed","ping_status":"closed","template":"","meta":{"footnotes":""},"class_list":["post-12502","page","type-page","status-publish","hentry"],"_links":{"self":[{"href":"https:\/\/www.alpino.com.tr\/en\/wp-json\/wp\/v2\/pages\/12502","targetHints":{"allow":["GET"]}}],"collection":[{"href":"https:\/\/www.alpino.com.tr\/en\/wp-json\/wp\/v2\/pages"}],"about":[{"href":"https:\/\/www.alpino.com.tr\/en\/wp-json\/wp\/v2\/types\/page"}],"author":[{"embeddable":true,"href":"https:\/\/www.alpino.com.tr\/en\/wp-json\/wp\/v2\/users\/1"}],"replies":[{"embeddable":true,"href":"https:\/\/www.alpino.com.tr\/en\/wp-json\/wp\/v2\/comments?post=12502"}],"version-history":[{"count":10,"href":"https:\/\/www.alpino.com.tr\/en\/wp-json\/wp\/v2\/pages\/12502\/revisions"}],"predecessor-version":[{"id":12517,"href":"https:\/\/www.alpino.com.tr\/en\/wp-json\/wp\/v2\/pages\/12502\/revisions\/12517"}],"wp:attachment":[{"href":"https:\/\/www.alpino.com.tr\/en\/wp-json\/wp\/v2\/media?parent=12502"}],"curies":[{"name":"wp","href":"https:\/\/api.w.org\/{rel}","templated":true}]}}