{"id":12512,"date":"2025-08-04T09:52:16","date_gmt":"2025-08-04T09:52:16","guid":{"rendered":"https:\/\/avenyazilim.com\/alpino\/?page_id=12512"},"modified":"2025-08-04T10:01:14","modified_gmt":"2025-08-04T10:01:14","slug":"kalite-politikamiz","status":"publish","type":"page","link":"https:\/\/www.alpino.com.tr\/en\/kalite-politikamiz\/","title":{"rendered":"Our Quality Policy"},"content":{"rendered":"<div class=\"wpb-content-wrapper\"><section data-vc-full-width=\"true\" data-vc-full-width-init=\"false\" class=\"vc_section vc_custom_1754299396098 vc_section-has-fill wd-rs-68907bf969550\"><div class=\"vc_row wpb_row vc_row-fluid vc_custom_1754299218172 vc_row-o-content-middle vc_row-flex wd-rs-68907b4d60cc8\"><div class=\"wpb_column vc_column_container vc_col-sm-10 vc_col-lg-offset-1 vc_col-has-fill wd-rs-68908112b0615\"><div class=\"vc_column-inner vc_custom_1754300693270\"><div class=\"wpb_wrapper\">\n\t\t<div id=\"wd-6890831609914\" class=\"title-wrapper wd-wpb set-mb-s reset-last-child  wd-rs-6890831609914 wd-title-color-primary wd-title-style-underlined text-center vc_custom_1754301207811 wd-width-custom wd-underline-colored\">\n\t\t\t\t\t\t\t<div class=\"title-subtitle  subtitle-color-primary font-default subtitle-style-default wd-font-weight- wd-fontsize-xs\">Alpino Mobilya Ltd. \u015eti.<\/div>\n\t\t\t\n\t\t\t<div class=\"liner-continer\">\n\t\t\t\t<h4 class=\"woodmart-title-container title  wd-font-weight- wd-fontsize-l\" >Quality Policy<\/h4>\n\t\t\t\t\t\t\t<\/div>\n\t\t\t\n\t\t\t\n\t\t\t\n\t\t<\/div>\n\t\t\n\t\t\n\t<div class=\"wpb_text_column wpb_content_element color-scheme-dark\" >\n\t\t<div class=\"wpb_wrapper\">\n\t\t\t<p><span style=\"color: #000000;\">The Alpino brand is produced under constant supervision, within the framework of ISO 9001:2000 quality standards and taking into account the principles of sustainability.<\/span><\/p>\n<p><span style=\"color: #000000;\">To ensure the continuity of the Alpino brand and its quality standards, a fundamental philosophy of our quality policy is to adopt a brand approach based on trust. By embracing a management approach that prioritizes the demands and needs of all our stakeholders and customers and prioritizes customer satisfaction, our goal is to elevate our production and brand to a level of excellence.<\/span><\/p>\n<p><span style=\"color: #000000;\">Our aim is to develop by adopting environmentally friendly, energy-saving production policies and to create processes that aim to prevent errors before they occur by instilling quality responsibility in all our employees.<\/span><\/p>\n<p><span style=\"color: #000000;\">The main principles of our quality policy are to develop by working with various communities, giving importance to education and social development activities, with the awareness that our employees are our most valuable resource, and to provide service by structuring our processes in line with internationally accepted standards and supporting them with tools and technologies that will maximize efficiency.<\/span><\/p>\n\n\t\t<\/div>\n\t<\/div>\n\n\t\t<div id=\"wd-68908469d2af7\" class=\"title-wrapper wd-wpb set-mb-s reset-last-child  wd-rs-68908469d2af7 wd-title-color-primary wd-title-style-underlined text-center vc_custom_1754301549480 wd-width-custom wd-underline-colored\">\n\t\t\t\t\t\t\t<div class=\"title-subtitle  subtitle-color-primary font-default subtitle-style-default wd-font-weight- wd-fontsize-xs\">Alpino Mobilya Ltd. \u015eti.<\/div>\n\t\t\t\n\t\t\t<div class=\"liner-continer\">\n\t\t\t\t<h4 class=\"woodmart-title-container title  wd-font-weight- wd-fontsize-l\" >Our Awards &amp; Quality Certificates<\/h4>\n\t\t\t\t\t\t\t<\/div>\n\t\t\t\n\t\t\t\n\t\t\t\n\t\t<\/div>\n\t\t\n\t\t\n\t<div class=\"wpb_text_column wpb_content_element color-scheme-dark\" >\n\t\t<div class=\"wpb_wrapper\">\n\t\t\t<p><img loading=\"lazy\" decoding=\"async\" class=\"wp-image-12520 aligncenter\" src=\"http:\/\/www.alpino.com.tr\/wp-content\/uploads\/2025\/08\/oduller-400x79.png\" alt=\"\" width=\"625\" height=\"123\" srcset=\"https:\/\/www.alpino.com.tr\/wp-content\/uploads\/2025\/08\/oduller-400x79.png 400w, https:\/\/www.alpino.com.tr\/wp-content\/uploads\/2025\/08\/oduller-430x85.png 430w, https:\/\/www.alpino.com.tr\/wp-content\/uploads\/2025\/08\/oduller-450x89.png 450w, https:\/\/www.alpino.com.tr\/wp-content\/uploads\/2025\/08\/oduller-700x139.png 700w, https:\/\/www.alpino.com.tr\/wp-content\/uploads\/2025\/08\/oduller.png 926w\" sizes=\"auto, (max-width: 625px) 100vw, 625px\" \/><\/p>\n\n\t\t<\/div>\n\t<\/div>\n<\/div><\/div><\/div><\/div><\/section><div class=\"vc_row-full-width vc_clearfix\"><\/div>\n<\/div>","protected":false},"excerpt":{"rendered":"Alpino Mobilya Ltd. \u015eti. Kalite Politikas\u0131 Alpino markas\u0131 ISO 9001:2000 kalite standartlar\u0131 \u00e7er\u00e7evesinde ve s\u00fcrd\u00fcr\u00fclebilirlik esaslar\u0131 g\u00f6z \u00f6n\u00fcnde bulundurularak, s\u00fcrekli","protected":false},"author":1,"featured_media":0,"parent":0,"menu_order":0,"comment_status":"closed","ping_status":"closed","template":"","meta":{"footnotes":""},"class_list":["post-12512","page","type-page","status-publish","hentry"],"_links":{"self":[{"href":"https:\/\/www.alpino.com.tr\/en\/wp-json\/wp\/v2\/pages\/12512","targetHints":{"allow":["GET"]}}],"collection":[{"href":"https:\/\/www.alpino.com.tr\/en\/wp-json\/wp\/v2\/pages"}],"about":[{"href":"https:\/\/www.alpino.com.tr\/en\/wp-json\/wp\/v2\/types\/page"}],"author":[{"embeddable":true,"href":"https:\/\/www.alpino.com.tr\/en\/wp-json\/wp\/v2\/users\/1"}],"replies":[{"embeddable":true,"href":"https:\/\/www.alpino.com.tr\/en\/wp-json\/wp\/v2\/comments?post=12512"}],"version-history":[{"count":8,"href":"https:\/\/www.alpino.com.tr\/en\/wp-json\/wp\/v2\/pages\/12512\/revisions"}],"predecessor-version":[{"id":12525,"href":"https:\/\/www.alpino.com.tr\/en\/wp-json\/wp\/v2\/pages\/12512\/revisions\/12525"}],"wp:attachment":[{"href":"https:\/\/www.alpino.com.tr\/en\/wp-json\/wp\/v2\/media?parent=12512"}],"curies":[{"name":"wp","href":"https:\/\/api.w.org\/{rel}","templated":true}]}}