{"id":5288,"date":"2021-08-25T09:00:10","date_gmt":"2021-08-25T09:00:10","guid":{"rendered":"http:\/\/dummy.xtemos.com\/woodmart2\/?page_id=5288"},"modified":"2025-11-24T14:18:04","modified_gmt":"2025-11-24T14:18:04","slug":"bize-ulasin","status":"publish","type":"page","link":"https:\/\/www.alpino.com.tr\/en\/bize-ulasin\/","title":{"rendered":"Contact Us"},"content":{"rendered":"<div class=\"wpb-content-wrapper\"><div class=\"vc_row wpb_row vc_row-fluid vc_custom_1761136404066 vc_row-has-fill vc_row-o-content-middle vc_row-flex wd-bg-center-center wd-rs-68f8ceef5117a wd-section-stretch\"><div class=\"wpb_column vc_column_container vc_col-sm-12 color-scheme-light wd-rs-68f8cf32c1436\"><div class=\"vc_column-inner vc_custom_1761136447926\"><div class=\"wpb_wrapper\">\n\t\t<div id=\"wd-68f8c94ad43cc\" class=\"title-wrapper wd-wpb set-mb-s reset-last-child  wd-rs-68f8c94ad43cc wd-title-color-default wd-title-style-default text-left  wd-underline-colored\">\n\t\t\t\n\t\t\t<div class=\"liner-continer\">\n\t\t\t\t<h4 class=\"woodmart-title-container title  wd-font-weight- wd-fontsize-xxxl\" >Contact Us<br \/>\nBilgilerimiz<\/h4>\n\t\t\t\t\t\t\t<\/div>\n\t\t\t\n\t\t\t\n\t\t\t\n\t\t<\/div>\n\t\t\n\t\t<\/div><\/div><\/div><\/div><div class=\"vc_row wpb_row vc_row-fluid vc_custom_1761135270556 vc_row-o-content-middle vc_row-flex wd-rs-68f8ca9c1781b\"><div class=\"wpb_column vc_column_container vc_col-sm-12 vc_col-xs-12 wd-rs-68f8c6c5e9eec\"><div class=\"vc_column-inner vc_custom_1761134285449\"><div class=\"wpb_wrapper\"><div class=\"wpb_gmaps_widget wpb_content_element black-map\"><div class=\"wpb_wrapper\"><div class=\"wpb_map_wraper\"><iframe src=\"https:\/\/www.google.com\/maps\/embed?pb=!1m14!1m8!1m3!1d12409.988020056993!2d29.361776!3d38.958318!3m2!1i1024!2i768!4f13.1!3m3!1m2!1s0x14c85f70fa763997%3A0x6bc66018ae15215e!2sALPiNO%20MOBiLYA!5e0!3m2!1str!2sus!4v1761135347128!5m2!1str!2sus\" width=\"600\" height=\"450\" style=\"border:0;\" allowfullscreen=\"\" loading=\"lazy\" referrerpolicy=\"no-referrer-when-downgrade\"><\/iframe><\/div><\/div><\/div><\/div><\/div><\/div><\/div><div class=\"vc_row wpb_row vc_row-fluid vc_row-o-equal-height vc_row-flex wd-rs-68f9e7303183d\"><div class=\"wpb_column vc_column_container vc_col-sm-6\"><div class=\"vc_column-inner\"><div class=\"wpb_wrapper\">\n\t\t<div id=\"wd-68f9db3d3f35a\" class=\"title-wrapper wd-wpb set-mb-s reset-last-child  wd-rs-68f9db3d3f35a wd-title-color-default wd-title-style-default text-left  wd-underline-colored\">\n\t\t\t\n\t\t\t<div class=\"liner-continer\">\n\t\t\t\t<h4 class=\"woodmart-title-container title  wd-font-weight- wd-fontsize-xxl\" >\u0130leti\u015fim Bilgileri<\/h4>\n\t\t\t\t\t\t\t<\/div>\n\t\t\t\n\t\t\t\n\t\t\t\n\t\t<\/div>\n\t\t\n\t\t\n\t<div class=\"wpb_text_column wpb_content_element\" >\n\t\t<div class=\"wpb_wrapper\">\n\t\t\t<p>A\u015fa\u011f\u0131daki telefon numaras\u0131, e-posta adresi ve di\u011fer ileti\u015fim bilgilerimizle bize ula\u015fabilirsiniz.<\/p>\n\n\t\t<\/div>\n\t<\/div>\n<div class=\"vc_row wpb_row vc_inner vc_row-fluid vc_column-gap-10 vc_row-o-equal-height vc_row-o-content-top vc_row-flex wd-rs-68f9e7648f75c\"><div class=\"wpb_column vc_column_container vc_col-sm-6 vc_col-has-fill wd-rs-68f9e5ae33933\"><div class=\"vc_column-inner vc_custom_1761207733546\"><div class=\"wpb_wrapper\">\n\t\t<div id=\"wd-68f9e2907a41e\" class=\"title-wrapper wd-wpb set-mb-s reset-last-child  wd-rs-68f9e2907a41e wd-title-color-primary wd-title-style-default text-left vc_custom_1761206936702 wd-underline-colored\">\n\t\t\t\n\t\t\t<div class=\"liner-continer\">\n\t\t\t\t<h4 class=\"woodmart-title-container title  wd-font-weight- wd-fontsize-xl\" >\u00dcretim Tesisimiz<\/h4>\n\t\t\t\t\t\t\t<\/div>\n\t\t\t\n\t\t\t\n\t\t\t\n\t\t<\/div>\n\t\t\n\t\t\t\t<div id=\"wd-68f9e85167f6f\" class=\"wd-text-block wd-wpb reset-last-child wd-rs-68f9e85167f6f text-left color-scheme-dark wd-fontsize-s\">\n\t\t\t<p><u>Kocada\u011flar Mobilya San. Ve Tic. LTD.\u015eT\u0130.<\/u><\/p>\n\t\t<\/div>\n\t\t\t\t<div id=\"wd-68f9e84a2d9ee\" class=\"wd-text-block wd-wpb reset-last-child wd-rs-68f9e84a2d9ee text-left color-scheme-dark wd-fontsize-s\">\n\t\t\t<p>Gediz Organize San. B\u00f6l. No:1 43600<\/p>\n<p>Gediz \/ K\u00fctahya \/ T\u00fcrkiye<\/p>\n\t\t<\/div>\n\t\t<div id=\"wd-68f9eaf3b491b\" class=\"wd-rs-68f9eaf3b491b vc_custom_1761209090920 wd-button-wrapper text-left\"><a href=\"http:\/\/google.com\/maps\/dir\/\/ALPiNO+MOBiLYA+O.S+Gediz+Organize+Sanayi+Sitesi+Gediz+OSB,+B.+Bulvar\u0131+No:1,+43600+Gediz%2FK\u00fctahya,+T\u00fcrkiye\/@38.9580766,29.3644401,14z\/data=!4m5!4m4!1m0!1m2!1m1!1s0x14c85f70fa763997:0x6bc66018ae15215e\" title=\"\" class=\"btn btn-color-primary btn-style-default btn-style-rectangle btn-size-default btn-icon-pos-left\">Yol Tarifi Al<span class=\"wd-btn-icon\"><span class=\"wd-icon fas fa-location-arrow\"><\/span><\/span><\/a><\/div><\/div><\/div><\/div><div class=\"wpb_column vc_column_container vc_col-sm-6 vc_col-has-fill wd-rs-68f9e5b93a8b1\"><div class=\"vc_column-inner vc_custom_1761207740779\"><div class=\"wpb_wrapper\">\n\t\t<div id=\"wd-68f9e3a21dc6b\" class=\"title-wrapper wd-wpb set-mb-s reset-last-child  wd-rs-68f9e3a21dc6b wd-title-color-primary wd-title-style-default text-left vc_custom_1761207208701 wd-underline-colored\">\n\t\t\t\n\t\t\t<div class=\"liner-continer\">\n\t\t\t\t<h4 class=\"woodmart-title-container title  wd-font-weight- wd-fontsize-xl\" >Contact Us<\/h4>\n\t\t\t\t\t\t\t<\/div>\n\t\t\t\n\t\t\t\n\t\t\t\n\t\t<\/div>\n\t\t\n\t\t\t\t<div id=\"wd-68fb79a3d9554\" class=\"wd-text-block wd-wpb reset-last-child wd-rs-68fb79a3d9554 text-left color-scheme-dark wd-fontsize-s\">\n\t\t\t<p><u>Alpino<\/u> <b>\u00a9<\/b><\/p>\n\t\t<\/div>\n\t\t\t\t<div id=\"wd-68fb7d39bbf69\" class=\"wd-text-block wd-wpb reset-last-child wd-rs-68fb7d39bbf69 text-left wd-fontsize-s\">\n\t\t\t<p>Telefon: +90 444 3 707<\/p>\n<p>Mail: <a title=\"E-posta\" href=\"mailto:info@alpino.com.tr\">info@alpino.com.tr<\/a><\/p>\n\t\t<\/div>\n\t\t<div id=\"wd-692469051c440\" class=\"wd-rs-692469051c440 vc_custom_1763993882641 wd-button-wrapper text-left\"><a href=\"tel:+904443707\" title=\"\" class=\"btn btn-color-primary btn-style-default btn-style-rectangle btn-size-default btn-icon-pos-left\">Call Us<span class=\"wd-btn-icon\"><span class=\"wd-icon fas fa-headset\"><\/span><\/span><\/a><\/div><\/div><\/div><\/div><\/div><\/div><\/div><\/div><div class=\"wpb_column vc_column_container vc_col-sm-6\"><div class=\"vc_column-inner\"><div class=\"wpb_wrapper\">\n\t\t<div id=\"wd-68f9db060c767\" class=\"title-wrapper wd-wpb set-mb-s reset-last-child  wd-rs-68f9db060c767 wd-title-color-default wd-title-style-default text-left  wd-underline-colored\">\n\t\t\t\n\t\t\t<div class=\"liner-continer\">\n\t\t\t\t<h4 class=\"woodmart-title-container title  wd-font-weight- wd-fontsize-xxl\" >\u0130leti\u015fim Formu<\/h4>\n\t\t\t\t\t\t\t<\/div>\n\t\t\t\n\t\t\t\n\t\t\t\n\t\t<\/div>\n\t\t\n\t\t\n\t<div class=\"wpb_text_column wpb_content_element\" >\n\t\t<div class=\"wpb_wrapper\">\n\t\t\t<p>\u0130leti\u015fim formumuzu doldurarak isteklerinizi, \u00f6nerilerinizi veya \u015fikayetlerinizi bize iletebilirsiniz.<\/p>\n\n\t\t<\/div>\n\t<\/div>\n\n\t<div class=\"wpb_raw_code wpb_raw_html wpb_content_element vc_custom_1761213877452 iletisim-form\" >\n\t\t<div class=\"wpb_wrapper\">\n\t\t\t<div class=\"forminator-ui forminator-custom-form forminator-custom-form-12633 forminator-design--default  forminator_ajax\" data-forminator-render=\"0\" data-form=\"forminator-module-12633\" data-uid=\"69e7051369aab\"><br\/><\/div><form\n\t\t\t\tid=\"forminator-module-12633\"\n\t\t\t\tclass=\"forminator-ui forminator-custom-form forminator-custom-form-12633 forminator-design--default  forminator_ajax\"\n\t\t\t\tmethod=\"post\"\n\t\t\t\tdata-forminator-render=\"0\"\n\t\t\t\tdata-form-id=\"12633\"\n\t\t\t\t data-color-option=\"theme\" data-design=\"default\" data-grid=\"open\" style=\"display: none;\"\n\t\t\t\tdata-uid=\"69e7051369aab\" action=\"\"\n\t\t\t><div role=\"alert\" aria-live=\"polite\" class=\"forminator-response-message forminator-error\" aria-hidden=\"true\"><\/div><div class=\"forminator-row\"><div id=\"name-2\" class=\"forminator-field-name forminator-col forminator-col-12\"><div class=\"forminator-row forminator-no-margin\" data-multiple=\"true\"><div class=\"forminator-col forminator-col-md-6\"><div class=\"forminator-field\"><label for=\"forminator-field-first-name-2_69e7051369aab\" id=\"forminator-field-first-name-2_69e7051369aab-label\" class=\"forminator-label\">Ad<\/label><input type=\"text\" name=\"name-2-first-name\" placeholder=\"Ad\u0131n\u0131z\" id=\"forminator-field-first-name-2_69e7051369aab\" class=\"forminator-input\" aria-required=\"false\" data-multi=\"1\" autocomplete=\"given-name\" value=\"\" \/><\/div><\/div><div class=\"forminator-col forminator-col-md-6\"><div class=\"forminator-field\"><label for=\"forminator-field-last-name-2_69e7051369aab\" id=\"forminator-field-last-name-2_69e7051369aab-label\" class=\"forminator-label\">Soyad<\/label><input type=\"text\" name=\"name-2-last-name\" placeholder=\"Soyad\u0131n\u0131z\" id=\"forminator-field-last-name-2_69e7051369aab\" class=\"forminator-input\" aria-required=\"false\" data-multi=\"1\" autocomplete=\"family-name\" value=\"\" \/><\/div><\/div><\/div><\/div><\/div><div class=\"forminator-row\"><div id=\"email-1\" class=\"forminator-field-email forminator-col forminator-col-6\"><div class=\"forminator-field\"><label for=\"forminator-field-email-1_69e7051369aab\" id=\"forminator-field-email-1_69e7051369aab-label\" class=\"forminator-label\">E-Mail <span class=\"forminator-required\">*<\/span><\/label><input type=\"email\" name=\"email-1\" value=\"\" placeholder=\"E-posta Adresiniz\" id=\"forminator-field-email-1_69e7051369aab\" class=\"forminator-input forminator-email--field\" data-required=\"true\" aria-required=\"true\" autocomplete=\"email\" \/><\/div><\/div><div id=\"phone-1\" class=\"forminator-field-phone forminator-col forminator-col-6\"><div class=\"forminator-field\"><label for=\"forminator-field-phone-1_69e7051369aab\" id=\"forminator-field-phone-1_69e7051369aab-label\" class=\"forminator-label\">Phone <span class=\"forminator-required\">*<\/span><\/label><input type=\"text\" name=\"phone-1\" value=\"\" placeholder=\"Telefon Numaran\u0131z\" id=\"forminator-field-phone-1_69e7051369aab\" class=\"forminator-input forminator-field--phone\" data-required=\"1\" aria-required=\"true\" autocomplete=\"off\" \/><\/div><\/div><\/div><div class=\"forminator-row\"><div id=\"text-1\" class=\"forminator-field-text forminator-col forminator-col-12\"><div class=\"forminator-field\"><label for=\"forminator-field-text-1_69e7051369aab\" id=\"forminator-field-text-1_69e7051369aab-label\" class=\"forminator-label\">Konu<\/label><input type=\"text\" name=\"text-1\" value=\"\" placeholder=\"Konu\" id=\"forminator-field-text-1_69e7051369aab\" class=\"forminator-input forminator-name--field\" data-required=\"\" \/><\/div><\/div><\/div><div class=\"forminator-row\"><div id=\"textarea-1\" class=\"forminator-field-textarea forminator-col forminator-col-12\"><div class=\"forminator-field\"><label for=\"forminator-field-textarea-1_69e7051369aab\" id=\"forminator-field-textarea-1_69e7051369aab-label\" class=\"forminator-label\">Mesaj <span class=\"forminator-required\">*<\/span><\/label><textarea name=\"textarea-1\" placeholder=\"Your Message\" id=\"forminator-field-textarea-1_69e7051369aab\" class=\"forminator-textarea\" rows=\"6\" style=\"--forminator-textarea-min-height:110px;\" ><\/textarea><\/div><\/div><\/div><div class=\"forminator-row\"><div id=\"captcha-1\" class=\"forminator-field-captcha forminator-col forminator-col-12\"><div class=\"forminator-captcha-left forminator-g-recaptcha\" data-theme=\"light\"  data-sitekey=\"6Ld6vhcsAAAAAAbb10rTOzAKp5vRzFrmuOSsfIrT\" data-size=\"normal\"><\/div> <\/div><\/div><input type=\"hidden\" name=\"referer_url\" value=\"\" \/><div class=\"forminator-row forminator-row-last\"><div class=\"forminator-col\"><div class=\"forminator-field\"><button class=\"forminator-button forminator-button-submit\">G&ouml;nder<\/button><\/div><\/div><\/div><input type=\"hidden\" id=\"forminator_nonce\" name=\"forminator_nonce\" value=\"5514b49c8a\" \/><input type=\"hidden\" name=\"_wp_http_referer\" value=\"\/en\/wp-json\/wp\/v2\/pages\/5288\" \/><input type=\"hidden\" name=\"form_id\" value=\"12633\"><input type=\"hidden\" name=\"page_id\" value=\"5288\"><input type=\"hidden\" name=\"form_type\" value=\"default\"><input type=\"hidden\" name=\"current_url\" value=\"https:\/\/www.alpino.com.tr\/en\/bize-ulasin\/\"><input type=\"hidden\" name=\"render_id\" value=\"0\"><input type=\"hidden\" name=\"action\" value=\"forminator_submit_form_custom-forms\"><label for=\"input_6\" class=\"forminator-hidden\" aria-hidden=\"true\">Please do not fill in this field. <input id=\"input_6\" type=\"text\" name=\"input_6\" value=\"\" autocomplete=\"off\"><\/label><input type=\"hidden\" name=\"trp-form-language\" value=\"en\"\/><\/form>\n\t\t<\/div>\n\t<\/div>\n<\/div><\/div><\/div><\/div>\n<\/div>","protected":false},"excerpt":{"rendered":"\u0130leti\u015fim Bilgilerimiz \u0130leti\u015fim Bilgileri A\u015fa\u011f\u0131daki telefon numaras\u0131, e-posta adresi ve di\u011fer ileti\u015fim bilgilerimizle bize ula\u015fabilirsiniz. \u00dcretim Tesisimiz Kocada\u011flar Mobilya San.","protected":false},"author":1,"featured_media":0,"parent":0,"menu_order":0,"comment_status":"closed","ping_status":"closed","template":"","meta":{"footnotes":""},"class_list":["post-5288","page","type-page","status-publish","hentry"],"_links":{"self":[{"href":"https:\/\/www.alpino.com.tr\/en\/wp-json\/wp\/v2\/pages\/5288","targetHints":{"allow":["GET"]}}],"collection":[{"href":"https:\/\/www.alpino.com.tr\/en\/wp-json\/wp\/v2\/pages"}],"about":[{"href":"https:\/\/www.alpino.com.tr\/en\/wp-json\/wp\/v2\/types\/page"}],"author":[{"embeddable":true,"href":"https:\/\/www.alpino.com.tr\/en\/wp-json\/wp\/v2\/users\/1"}],"replies":[{"embeddable":true,"href":"https:\/\/www.alpino.com.tr\/en\/wp-json\/wp\/v2\/comments?post=5288"}],"version-history":[{"count":89,"href":"https:\/\/www.alpino.com.tr\/en\/wp-json\/wp\/v2\/pages\/5288\/revisions"}],"predecessor-version":[{"id":13141,"href":"https:\/\/www.alpino.com.tr\/en\/wp-json\/wp\/v2\/pages\/5288\/revisions\/13141"}],"wp:attachment":[{"href":"https:\/\/www.alpino.com.tr\/en\/wp-json\/wp\/v2\/media?parent=5288"}],"curies":[{"name":"wp","href":"https:\/\/api.w.org\/{rel}","templated":true}]}}