{"id":15698,"date":"2026-02-24T09:52:44","date_gmt":"2026-02-24T09:52:44","guid":{"rendered":"https:\/\/www.alpino.com.tr\/?post_type=product&#038;p=15698"},"modified":"2026-02-24T09:52:44","modified_gmt":"2026-02-24T09:52:44","slug":"luna-kose-koltuk-takimi","status":"publish","type":"product","link":"https:\/\/www.alpino.com.tr\/en\/product\/luna-kose-koltuk-takimi\/","title":{"rendered":"Luna K\u00f6\u015fe Koltuk Tak\u0131m\u0131"},"content":{"rendered":"","protected":false},"excerpt":{"rendered":"","protected":false},"featured_media":15699,"comment_status":"open","ping_status":"closed","template":"","meta":[],"product_brand":[],"product_cat":[89],"product_tag":[],"class_list":{"0":"post-15698","1":"product","2":"type-product","3":"status-publish","4":"has-post-thumbnail","6":"product_cat-kose-koltuklar","8":"first","9":"instock","10":"shipping-taxable","11":"product-type-simple"},"_links":{"self":[{"href":"https:\/\/www.alpino.com.tr\/en\/wp-json\/wp\/v2\/product\/15698","targetHints":{"allow":["GET"]}}],"collection":[{"href":"https:\/\/www.alpino.com.tr\/en\/wp-json\/wp\/v2\/product"}],"about":[{"href":"https:\/\/www.alpino.com.tr\/en\/wp-json\/wp\/v2\/types\/product"}],"replies":[{"embeddable":true,"href":"https:\/\/www.alpino.com.tr\/en\/wp-json\/wp\/v2\/comments?post=15698"}],"wp:featuredmedia":[{"embeddable":true,"href":"https:\/\/www.alpino.com.tr\/en\/wp-json\/wp\/v2\/media\/15699"}],"wp:attachment":[{"href":"https:\/\/www.alpino.com.tr\/en\/wp-json\/wp\/v2\/media?parent=15698"}],"wp:term":[{"taxonomy":"product_brand","embeddable":true,"href":"https:\/\/www.alpino.com.tr\/en\/wp-json\/wp\/v2\/product_brand?post=15698"},{"taxonomy":"product_cat","embeddable":true,"href":"https:\/\/www.alpino.com.tr\/en\/wp-json\/wp\/v2\/product_cat?post=15698"},{"taxonomy":"product_tag","embeddable":true,"href":"https:\/\/www.alpino.com.tr\/en\/wp-json\/wp\/v2\/product_tag?post=15698"}],"curies":[{"name":"wp","href":"https:\/\/api.w.org\/{rel}","templated":true}]}}